{"id":17,"date":"2024-09-24T14:04:47","date_gmt":"2024-09-24T12:04:47","guid":{"rendered":"http:\/\/manrepse.es\/?page_id=17"},"modified":"2025-03-20T15:33:01","modified_gmt":"2025-03-20T14:33:01","slug":"sobre-nosotros","status":"publish","type":"page","link":"http:\/\/manrepse.es\/index.php\/sobre-nosotros\/","title":{"rendered":"Sobre nosotros"},"content":{"rendered":"<div class=\"vce-row-container\" data-vce-boxed-width=\"true\"><div class=\"vce-row vce-row--col-gap-30 vce-row-equal-height vce-row-content--top\" id=\"el-a90b1231\" data-vce-do-apply=\"all el-a90b1231\"><div class=\"vce-row-content\" data-vce-element-content=\"true\"><div class=\"vce-col vce-col--md-auto vce-col--xs-1 vce-col--xs-last vce-col--xs-first vce-col--sm-last vce-col--sm-first vce-col--md-first vce-col--lg-first vce-col--xl-first\" id=\"el-58a064bd\"><div class=\"vce-col-inner\" data-vce-do-apply=\"border margin background  el-58a064bd\"><div class=\"vce-col-content\" data-vce-element-content=\"true\" data-vce-do-apply=\"padding el-58a064bd\"><div class=\"vce-text-block\"><div class=\"vce-text-block-wrapper vce\" id=\"el-23bb9332\" data-vce-do-apply=\"all el-23bb9332\"><div id=\"el-711e9484\" class=\"vce-col vce-col--md-auto vce-col--xs-1 vce-col--xs-last vce-col--xs-first vce-col--sm-last vce-col--sm-first vce-col--md-first vce-col--lg-first vce-col--xl-first\"><div class=\"vce-col-inner\" data-vce-do-apply=\"border margin background  el-711e9484\"><div class=\"vce-col-content\" data-vce-element-content=\"true\" data-vce-do-apply=\"padding el-711e9484\"><div class=\"vce-text-block\"><div id=\"el-5d80c02a\" class=\"vce-text-block-wrapper vce\" data-vce-do-apply=\"all el-5d80c02a\"><div class=\" one-half\"><div class=\"wpb_text_column \"><div class=\"wpb_wrapper\"><p>Manrepse es una empresa con m\u00e1s de 30 a\u00f1os de experiencia de presencia ininterrumpida en el mercado y una filosof\u00eda de servicio \u00e1gil y eficaz, nos han convertido en una empresa s\u00f3lida y competitiva, formada por un equipo de alta cualificaci\u00f3n profesional que une la experiencia con las \u00faltimas tecnolog\u00edas. Ofrecemos una garant\u00eda integral en todos los proyectos realizados, que comprende desde el estudio inicial y verificaci\u00f3n previa, hasta el montaje y ejecuci\u00f3n, inclusive el servicio de mantenimiento y conservaci\u00f3n de las instalaciones.<\/p><p>Somos empresa instaladora y mantenedora de Instalaciones T\u00e9rmicas de Edificios, productos petrol\u00edferos licuados, protecci\u00f3n contra incendios, Legionella, Fontaner\u00eda y Gas inscritos en el Registro Industrial de la Consejer\u00eda de Industria. Todo nuestro personal est\u00e1 altamente cualificado y preparado para que cualquier proyecto o reparaci\u00f3n nuestros clientes queden satisfechos.<\/p><\/div><\/div><\/div><\/div><\/div><\/div><\/div><\/div><p>&nbsp;<\/p><\/div><\/div><\/div><\/div><\/div><div class=\"vce-col vce-col--md-auto vce-col--xs-1 vce-col--xs-last vce-col--xs-first vce-col--sm-last vce-col--sm-first vce-col--md-last vce-col--lg-last vce-col--xl-last\" id=\"el-b6b09210\"><div class=\"vce-col-inner\" data-vce-do-apply=\"border margin background  el-b6b09210\"><div class=\"vce-col-content\" data-vce-element-content=\"true\" data-vce-do-apply=\"padding el-b6b09210\"><div class=\"vce-single-image-container vce-single-image--align-left\"><div class=\"vce vce-single-image-wrapper\" id=\"el-16920f0a\" data-vce-do-apply=\"all el-16920f0a\"><figure><div class=\"vce-single-image-figure-inner\" style=\"width: 547px;\"><div class=\"vce-single-image-inner vce-single-image--absolute\" style=\"width: 100%; padding-bottom: 56.3071%;\"><img loading=\"lazy\" decoding=\"async\" class=\"vce-single-image\"  width=\"547\" height=\"308\" srcset=\"http:\/\/manrepse.es\/wp-content\/uploads\/2024\/09\/manrepse-320x180.png 320w, http:\/\/manrepse.es\/wp-content\/uploads\/2024\/09\/manrepse-480x270.png 480w, http:\/\/manrepse.es\/wp-content\/uploads\/2024\/09\/manrepse-547x308.png 547w\" src=\"http:\/\/manrepse.es\/wp-content\/uploads\/2024\/09\/manrepse-547x308.png\" data-img-src=\"http:\/\/manrepse.es\/wp-content\/uploads\/2024\/09\/manrepse.png\" data-attachment-id=\"124\"  alt=\"\" title=\"manrepse\" \/><\/div><\/div><figcaption hidden=\"\"><\/figcaption><\/figure><\/div><\/div><\/div><\/div><\/div><\/div><\/div><\/div><div class=\"vce-row-container\" data-vce-boxed-width=\"true\"><div class=\"vce-row vce-element--has-background vce-row--col-gap-30 vce-row-equal-height vce-row-content--top\" id=\"el-b3089702\" data-vce-do-apply=\"all el-b3089702\"><div class=\"vce-content-background-container\"><\/div><div class=\"vce-row-content\" data-vce-element-content=\"true\"><div class=\"vce-col vce-col--md-auto vce-col--xs-1 vce-col--xs-last vce-col--xs-first vce-col--sm-last vce-col--sm-first vce-col--md-last vce-col--lg-last vce-col--xl-last vce-col--md-first vce-col--lg-first vce-col--xl-first\" id=\"el-9eff218f\"><div class=\"vce-col-inner\" data-vce-do-apply=\"border margin background  el-9eff218f\"><div class=\"vce-col-content\" data-vce-element-content=\"true\" data-vce-do-apply=\"padding el-9eff218f\"><div class=\"vce-text-block\"><div class=\"vce-text-block-wrapper vce\" id=\"el-50824307\" data-vce-do-apply=\"all el-50824307\"><h2 style=\"text-align: center;\"><span style=\"color: #ffffff;\">\u00c1reas de actuaci\u00f3n<\/span><\/h2><\/div><\/div><\/div><\/div><\/div><\/div><\/div><\/div><div class=\"vce-row-container\" data-vce-boxed-width=\"true\"><div class=\"vce-row vce-row--col-gap-30 vce-row-equal-height vce-row-content--top\" id=\"el-74514219\" data-vce-do-apply=\"all el-74514219\"><div class=\"vce-row-content\" data-vce-element-content=\"true\"><div class=\"vce-col vce-col--md-auto vce-col--xs-1 vce-col--xs-last vce-col--xs-first vce-col--sm-last vce-col--sm-first vce-col--md-first vce-col--lg-first vce-col--xl-first\" id=\"el-e3bd07d0\"><div class=\"vce-col-inner\" data-vce-do-apply=\"border margin background  el-e3bd07d0\"><div class=\"vce-col-content\" data-vce-element-content=\"true\" data-vce-do-apply=\"padding el-e3bd07d0\"><div class=\"vce-text-block\"><div class=\"vce-text-block-wrapper vce\" id=\"el-fb378ac6\" data-vce-do-apply=\"all el-fb378ac6\"><h2>PARTICULARES<\/h2><h2>&nbsp;<\/h2><p>&nbsp;<\/p><\/div><\/div><div class=\"vce-single-image-container vce-single-image--align-left\"><div class=\"vce vce-single-image-wrapper\" id=\"el-3ebf244e\" data-vce-do-apply=\"all el-3ebf244e\"><figure><div class=\"vce-single-image-figure-inner\" style=\"width: 480px;\"><div class=\"vce-single-image-inner vce-single-image--absolute\" style=\"width: 100%; padding-bottom: 55.8333%;\"><img loading=\"lazy\" decoding=\"async\" class=\"vce-single-image\"  width=\"480\" height=\"268\" srcset=\"http:\/\/manrepse.es\/wp-content\/uploads\/2024\/09\/particulares-480x268-1-320x179.png 320w, http:\/\/manrepse.es\/wp-content\/uploads\/2024\/09\/particulares-480x268-1-480x268.png 480w\" src=\"http:\/\/manrepse.es\/wp-content\/uploads\/2024\/09\/particulares-480x268-1-480x268.png\" data-img-src=\"http:\/\/manrepse.es\/wp-content\/uploads\/2024\/09\/particulares-480x268-1.png\" data-attachment-id=\"147\"  alt=\"\" title=\"particulares-480x268\" \/><\/div><\/div><figcaption hidden=\"\"><\/figcaption><\/figure><\/div><\/div><div class=\"vce-text-block\"><div class=\"vce-text-block-wrapper vce\" id=\"el-0c909e8d\" data-vce-do-apply=\"all el-0c909e8d\"><p>Presupuestos a medida sin compromiso. Nuestros t\u00e9cnicos le asesorar\u00e1n en el proyecto que necesite realizar.<\/p><\/div><\/div><\/div><\/div><\/div><div class=\"vce-col vce-col--md-auto vce-col--xs-1 vce-col--xs-last vce-col--xs-first vce-col--sm-last vce-col--sm-first\" id=\"el-90e787d3\"><div class=\"vce-col-inner\" data-vce-do-apply=\"border margin background  el-90e787d3\"><div class=\"vce-col-content\" data-vce-element-content=\"true\" data-vce-do-apply=\"padding el-90e787d3\"><div class=\"vce-text-block\"><div class=\"vce-text-block-wrapper vce\" id=\"el-931a8fac\" data-vce-do-apply=\"all el-931a8fac\"><h2 style=\"text-align: center;\">COMUNIDADES<\/h2><h2>&nbsp;<\/h2><h2>&nbsp;<\/h2><\/div><\/div><div class=\"vce-single-image-container vce-single-image--align-left\"><div class=\"vce vce-single-image-wrapper\" id=\"el-6f5f1c3f\" data-vce-do-apply=\"all el-6f5f1c3f\"><figure><div class=\"vce-single-image-figure-inner\" style=\"width: 480px;\"><div class=\"vce-single-image-inner vce-single-image--absolute\" style=\"width: 100%; padding-bottom: 55.8333%;\"><img loading=\"lazy\" decoding=\"async\" class=\"vce-single-image\"  width=\"480\" height=\"268\" srcset=\"http:\/\/manrepse.es\/wp-content\/uploads\/2024\/09\/comunidad-480x268-1-320x179.png 320w, http:\/\/manrepse.es\/wp-content\/uploads\/2024\/09\/comunidad-480x268-1-480x268.png 480w\" src=\"http:\/\/manrepse.es\/wp-content\/uploads\/2024\/09\/comunidad-480x268-1-480x268.png\" data-img-src=\"http:\/\/manrepse.es\/wp-content\/uploads\/2024\/09\/comunidad-480x268-1.png\" data-attachment-id=\"146\"  alt=\"\" title=\"comunidad-480x268\" \/><\/div><\/div><figcaption hidden=\"\"><\/figcaption><\/figure><\/div><\/div><div class=\"vce-text-block\"><div class=\"vce-text-block-wrapper vce\" id=\"el-c7d9fcbb\" data-vce-do-apply=\"all el-c7d9fcbb\"><p>Nuestra amplia trayectoria le asegurar\u00e1 una respuesta r\u00e1pida e inmediata en todos los servicios que requieran.<\/p><\/div><\/div><\/div><\/div><\/div><div class=\"vce-col vce-col--md-auto vce-col--xs-1 vce-col--xs-last vce-col--xs-first vce-col--sm-last vce-col--sm-first\" id=\"el-02685342\"><div class=\"vce-col-inner\" data-vce-do-apply=\"border margin background  el-02685342\"><div class=\"vce-col-content\" data-vce-element-content=\"true\" data-vce-do-apply=\"padding el-02685342\"><div class=\"vce-text-block\"><div class=\"vce-text-block-wrapper vce\" id=\"el-2cd75429\" data-vce-do-apply=\"all el-2cd75429\"><h2 style=\"text-align: center;\">EMPRESAS<\/h2><h2>&nbsp;<\/h2><h2>&nbsp;<\/h2><\/div><\/div><div class=\"vce-single-image-container vce-single-image--align-left\"><div class=\"vce vce-single-image-wrapper\" id=\"el-16b69762\" data-vce-do-apply=\"all el-16b69762\"><figure><div class=\"vce-single-image-figure-inner\" style=\"width: 480px;\"><div class=\"vce-single-image-inner vce-single-image--absolute\" style=\"width: 100%; padding-bottom: 55.8333%;\"><img loading=\"lazy\" decoding=\"async\" class=\"vce-single-image\"  width=\"480\" height=\"268\" srcset=\"http:\/\/manrepse.es\/wp-content\/uploads\/2024\/09\/empresas-480x268-1-320x179.png 320w, http:\/\/manrepse.es\/wp-content\/uploads\/2024\/09\/empresas-480x268-1-480x268.png 480w\" src=\"http:\/\/manrepse.es\/wp-content\/uploads\/2024\/09\/empresas-480x268-1-480x268.png\" data-img-src=\"http:\/\/manrepse.es\/wp-content\/uploads\/2024\/09\/empresas-480x268-1.png\" data-attachment-id=\"148\"  alt=\"\" title=\"empresas-480x268\" \/><\/div><\/div><figcaption hidden=\"\"><\/figcaption><\/figure><\/div><\/div><div class=\"vce-text-block\"><div class=\"vce-text-block-wrapper vce\" id=\"el-bb44c0c8\" data-vce-do-apply=\"all el-bb44c0c8\"><p>Nuestro equipo le ayudar\u00e1 en la toma de decisiones siguiendo nuestra recomendaciones en todos los servicios.<\/p><\/div><\/div><\/div><\/div><\/div><div class=\"vce-col vce-col--md-auto vce-col--xs-1 vce-col--xs-last vce-col--xs-first vce-col--sm-last vce-col--sm-first vce-col--md-last vce-col--lg-last vce-col--xl-last\" id=\"el-7ac28a2d\"><div class=\"vce-col-inner\" data-vce-do-apply=\"border margin background  el-7ac28a2d\"><div class=\"vce-col-content\" data-vce-element-content=\"true\" data-vce-do-apply=\"padding el-7ac28a2d\"><div class=\"vce-text-block\"><div class=\"vce-text-block-wrapper vce\" id=\"el-7d189aef\" data-vce-do-apply=\"all el-7d189aef\"><h2 style=\"text-align: center;\">ORGANISMOS P\u00daBLICOS<\/h2><h2>&nbsp;<\/h2><h2>&nbsp;<\/h2><\/div><\/div><div class=\"vce-single-image-container vce-single-image--align-left\"><div class=\"vce vce-single-image-wrapper\" id=\"el-3eee5e0e\" data-vce-do-apply=\"all el-3eee5e0e\"><figure><div class=\"vce-single-image-figure-inner\" style=\"width: 480px;\"><div class=\"vce-single-image-inner vce-single-image--absolute\" style=\"width: 100%; padding-bottom: 55.8333%;\"><img loading=\"lazy\" decoding=\"async\" class=\"vce-single-image\"  width=\"480\" height=\"268\" srcset=\"http:\/\/manrepse.es\/wp-content\/uploads\/2024\/09\/gubernamental-480x268-1-320x179.jpg 320w, http:\/\/manrepse.es\/wp-content\/uploads\/2024\/09\/gubernamental-480x268-1-480x268.jpg 480w\" src=\"http:\/\/manrepse.es\/wp-content\/uploads\/2024\/09\/gubernamental-480x268-1-480x268.jpg\" data-img-src=\"http:\/\/manrepse.es\/wp-content\/uploads\/2024\/09\/gubernamental-480x268-1.jpg\" data-attachment-id=\"149\"  alt=\"\" title=\"gubernamental-480x268\" \/><\/div><\/div><figcaption hidden=\"\"><\/figcaption><\/figure><\/div><\/div><div class=\"vce-text-block\"><div class=\"vce-text-block-wrapper vce\" id=\"el-b50cb4e7\" data-vce-do-apply=\"all el-b50cb4e7\"><p>Nuestro equipo humano y material da soluci\u00f3n a los diferentes proyectos de Organismos p\u00fablicos.<\/p><\/div><\/div><\/div><\/div><\/div><\/div><\/div><\/div><div class=\"vce-row-container\" data-vce-boxed-width=\"true\"><div class=\"vce-row vce-row--col-gap-30 vce-row-equal-height vce-row-content--top\" id=\"el-850547df\" data-vce-do-apply=\"all el-850547df\"><div class=\"vce-row-content\" data-vce-element-content=\"true\"><div class=\"vce-col vce-col--md-auto vce-col--xs-1 vce-col--xs-last vce-col--xs-first vce-col--sm-last vce-col--sm-first vce-col--md-last vce-col--lg-last vce-col--xl-last vce-col--md-first vce-col--lg-first vce-col--xl-first\" id=\"el-969e61a0\"><div class=\"vce-col-inner\" data-vce-do-apply=\"border margin background  el-969e61a0\"><div class=\"vce-col-content\" data-vce-element-content=\"true\" data-vce-do-apply=\"padding el-969e61a0\"><div class=\"vce-row-container\" data-vce-boxed-width=\"true\"><div class=\"vce-row vce-element--has-background vce-row--col-gap-30 vce-row-equal-height vce-row-content--top\" id=\"el-ce17b4ba\" data-vce-do-apply=\"all el-ce17b4ba\"><div class=\"vce-content-background-container\"><\/div><div class=\"vce-row-content\" data-vce-element-content=\"true\"><div class=\"vce-col vce-col--md-auto vce-col--xs-1 vce-col--xs-last vce-col--xs-first vce-col--sm-last vce-col--sm-first vce-col--md-first vce-col--lg-first vce-col--xl-first\" id=\"el-02aa9577\"><div class=\"vce-col-inner\" data-vce-do-apply=\"border margin background  el-02aa9577\"><div class=\"vce-col-content\" data-vce-element-content=\"true\" data-vce-do-apply=\"padding el-02aa9577\"><div class=\"vce-text-block\"><div class=\"vce-text-block-wrapper vce\" id=\"el-0c837a2c\" data-vce-do-apply=\"all el-0c837a2c\"><h3 style=\"text-align: left; padding-left: 40px;\"><span style=\"font-weight: 400; font-style: normal; letter-spacing: inherit; color: #ffffff;\">\u00bfTiene alguna duda? Le atendemos sin compromiso<\/span><\/h3>\r\n<p>&nbsp;<\/p><\/div><\/div><\/div><\/div><\/div><div class=\"vce-col vce-col--md-auto vce-col--xs-1 vce-col--xs-last vce-col--xs-first vce-col--sm-last vce-col--sm-first vce-col--md-last vce-col--lg-last vce-col--xl-last\" id=\"el-cd82c55d\"><div class=\"vce-col-inner\" data-vce-do-apply=\"border margin background  el-cd82c55d\"><div class=\"vce-col-content\" data-vce-element-content=\"true\" data-vce-do-apply=\"padding el-cd82c55d\"><div class=\"vce-button--style-basic-container vce-button--style-basic-container--align-right\"><span class=\"vce-button--style-basic-wrapper vce\" id=\"el-e46f404e\" data-vce-do-apply=\"margin el-e46f404e\"><a class=\"vce-button vce-button--style-basic vce-button--style-basic--border-rounded vce-button--style-basic--size-medium vce-button--style-basic--color-b-255-255-255--b-203-21-48\" href=\"http:\/\/manrepse.es\/index.php\/contacto\/\" title=\"CONTACTO\" data-vce-do-apply=\"padding border background  el-e46f404e\">CONTACTO<\/a><\/span><\/div><\/div><\/div><\/div><\/div><\/div><\/div><\/div><\/div><\/div><\/div><\/div><\/div>\n","protected":false},"excerpt":{"rendered":"<p>Manrepse es una empresa con m\u00e1s de 30 a\u00f1os de experiencia de presencia ininterrumpida en el mercado y una filosof\u00eda de servicio \u00e1gil y eficaz, nos han convertido en una empresa s\u00f3lida y competitiva, formada por un equipo de alta cualificaci\u00f3n profesional que une la experiencia con las \u00faltimas tecnolog\u00edas. Ofrecemos una garant\u00eda integral en [&hellip;]<\/p>\n","protected":false},"author":1,"featured_media":0,"parent":0,"menu_order":0,"comment_status":"closed","ping_status":"closed","template":"","meta":{"footnotes":""},"class_list":["post-17","page","type-page","status-publish","hentry"],"yoast_head":"<!-- This site is optimized with the Yoast SEO plugin v26.1.1 - https:\/\/yoast.com\/wordpress\/plugins\/seo\/ -->\n<title>Sobre nosotros - Manrepse<\/title>\n<meta name=\"description\" content=\"Empresa instaladora y mantenedora de Instalaciones T\u00e9rmicas, productos petrol\u00edferos licuados, protecci\u00f3n contra incendios, Fontaner\u00eda y Gas.\" \/>\n<meta name=\"robots\" content=\"index, follow, max-snippet:-1, max-image-preview:large, max-video-preview:-1\" \/>\n<link rel=\"canonical\" href=\"https:\/\/manrepse.es\/index.php\/sobre-nosotros\/\" \/>\n<meta property=\"og:locale\" content=\"es_ES\" \/>\n<meta property=\"og:type\" content=\"article\" \/>\n<meta property=\"og:title\" content=\"Sobre nosotros - Manrepse\" \/>\n<meta property=\"og:description\" content=\"Empresa instaladora y mantenedora de Instalaciones T\u00e9rmicas, productos petrol\u00edferos licuados, protecci\u00f3n contra incendios, Fontaner\u00eda y Gas.\" \/>\n<meta property=\"og:url\" content=\"https:\/\/manrepse.es\/index.php\/sobre-nosotros\/\" \/>\n<meta property=\"og:site_name\" content=\"Manrepse\" \/>\n<meta property=\"article:modified_time\" content=\"2025-03-20T14:33:01+00:00\" \/>\n<meta name=\"twitter:card\" content=\"summary_large_image\" \/>\n<meta name=\"twitter:label1\" content=\"Tiempo de lectura\" \/>\n\t<meta name=\"twitter:data1\" content=\"2 minutos\" \/>\n<script type=\"application\/ld+json\" class=\"yoast-schema-graph\">{\"@context\":\"https:\/\/schema.org\",\"@graph\":[{\"@type\":\"WebPage\",\"@id\":\"https:\/\/manrepse.es\/index.php\/sobre-nosotros\/\",\"url\":\"https:\/\/manrepse.es\/index.php\/sobre-nosotros\/\",\"name\":\"Sobre nosotros - Manrepse\",\"isPartOf\":{\"@id\":\"http:\/\/manrepse.es\/#website\"},\"datePublished\":\"2024-09-24T12:04:47+00:00\",\"dateModified\":\"2025-03-20T14:33:01+00:00\",\"description\":\"Empresa instaladora y mantenedora de Instalaciones T\u00e9rmicas, productos petrol\u00edferos licuados, protecci\u00f3n contra incendios, Fontaner\u00eda y Gas.\",\"breadcrumb\":{\"@id\":\"https:\/\/manrepse.es\/index.php\/sobre-nosotros\/#breadcrumb\"},\"inLanguage\":\"es\",\"potentialAction\":[{\"@type\":\"ReadAction\",\"target\":[\"https:\/\/manrepse.es\/index.php\/sobre-nosotros\/\"]}]},{\"@type\":\"BreadcrumbList\",\"@id\":\"https:\/\/manrepse.es\/index.php\/sobre-nosotros\/#breadcrumb\",\"itemListElement\":[{\"@type\":\"ListItem\",\"position\":1,\"name\":\"Portada\",\"item\":\"https:\/\/manrepse.es\/\"},{\"@type\":\"ListItem\",\"position\":2,\"name\":\"Sobre nosotros\"}]},{\"@type\":\"WebSite\",\"@id\":\"http:\/\/manrepse.es\/#website\",\"url\":\"http:\/\/manrepse.es\/\",\"name\":\"Manrepse\",\"description\":\"Manrepse\",\"publisher\":{\"@id\":\"http:\/\/manrepse.es\/#organization\"},\"potentialAction\":[{\"@type\":\"SearchAction\",\"target\":{\"@type\":\"EntryPoint\",\"urlTemplate\":\"http:\/\/manrepse.es\/?s={search_term_string}\"},\"query-input\":{\"@type\":\"PropertyValueSpecification\",\"valueRequired\":true,\"valueName\":\"search_term_string\"}}],\"inLanguage\":\"es\"},{\"@type\":\"Organization\",\"@id\":\"http:\/\/manrepse.es\/#organization\",\"name\":\"Manrepse\",\"url\":\"http:\/\/manrepse.es\/\",\"logo\":{\"@type\":\"ImageObject\",\"inLanguage\":\"es\",\"@id\":\"http:\/\/manrepse.es\/#\/schema\/logo\/image\/\",\"url\":\"http:\/\/manrepse.es\/wp-content\/uploads\/2024\/09\/logo-copia.jpg\",\"contentUrl\":\"http:\/\/manrepse.es\/wp-content\/uploads\/2024\/09\/logo-copia.jpg\",\"width\":303,\"height\":85,\"caption\":\"Manrepse\"},\"image\":{\"@id\":\"http:\/\/manrepse.es\/#\/schema\/logo\/image\/\"}}]}<\/script>\n<!-- \/ Yoast SEO plugin. -->","yoast_head_json":{"title":"Sobre nosotros - Manrepse","description":"Empresa instaladora y mantenedora de Instalaciones T\u00e9rmicas, productos petrol\u00edferos licuados, protecci\u00f3n contra incendios, Fontaner\u00eda y Gas.","robots":{"index":"index","follow":"follow","max-snippet":"max-snippet:-1","max-image-preview":"max-image-preview:large","max-video-preview":"max-video-preview:-1"},"canonical":"https:\/\/manrepse.es\/index.php\/sobre-nosotros\/","og_locale":"es_ES","og_type":"article","og_title":"Sobre nosotros - Manrepse","og_description":"Empresa instaladora y mantenedora de Instalaciones T\u00e9rmicas, productos petrol\u00edferos licuados, protecci\u00f3n contra incendios, Fontaner\u00eda y Gas.","og_url":"https:\/\/manrepse.es\/index.php\/sobre-nosotros\/","og_site_name":"Manrepse","article_modified_time":"2025-03-20T14:33:01+00:00","twitter_card":"summary_large_image","twitter_misc":{"Tiempo de lectura":"2 minutos"},"schema":{"@context":"https:\/\/schema.org","@graph":[{"@type":"WebPage","@id":"https:\/\/manrepse.es\/index.php\/sobre-nosotros\/","url":"https:\/\/manrepse.es\/index.php\/sobre-nosotros\/","name":"Sobre nosotros - Manrepse","isPartOf":{"@id":"http:\/\/manrepse.es\/#website"},"datePublished":"2024-09-24T12:04:47+00:00","dateModified":"2025-03-20T14:33:01+00:00","description":"Empresa instaladora y mantenedora de Instalaciones T\u00e9rmicas, productos petrol\u00edferos licuados, protecci\u00f3n contra incendios, Fontaner\u00eda y Gas.","breadcrumb":{"@id":"https:\/\/manrepse.es\/index.php\/sobre-nosotros\/#breadcrumb"},"inLanguage":"es","potentialAction":[{"@type":"ReadAction","target":["https:\/\/manrepse.es\/index.php\/sobre-nosotros\/"]}]},{"@type":"BreadcrumbList","@id":"https:\/\/manrepse.es\/index.php\/sobre-nosotros\/#breadcrumb","itemListElement":[{"@type":"ListItem","position":1,"name":"Portada","item":"https:\/\/manrepse.es\/"},{"@type":"ListItem","position":2,"name":"Sobre nosotros"}]},{"@type":"WebSite","@id":"http:\/\/manrepse.es\/#website","url":"http:\/\/manrepse.es\/","name":"Manrepse","description":"Manrepse","publisher":{"@id":"http:\/\/manrepse.es\/#organization"},"potentialAction":[{"@type":"SearchAction","target":{"@type":"EntryPoint","urlTemplate":"http:\/\/manrepse.es\/?s={search_term_string}"},"query-input":{"@type":"PropertyValueSpecification","valueRequired":true,"valueName":"search_term_string"}}],"inLanguage":"es"},{"@type":"Organization","@id":"http:\/\/manrepse.es\/#organization","name":"Manrepse","url":"http:\/\/manrepse.es\/","logo":{"@type":"ImageObject","inLanguage":"es","@id":"http:\/\/manrepse.es\/#\/schema\/logo\/image\/","url":"http:\/\/manrepse.es\/wp-content\/uploads\/2024\/09\/logo-copia.jpg","contentUrl":"http:\/\/manrepse.es\/wp-content\/uploads\/2024\/09\/logo-copia.jpg","width":303,"height":85,"caption":"Manrepse"},"image":{"@id":"http:\/\/manrepse.es\/#\/schema\/logo\/image\/"}}]}},"_links":{"self":[{"href":"http:\/\/manrepse.es\/index.php\/wp-json\/wp\/v2\/pages\/17","targetHints":{"allow":["GET"]}}],"collection":[{"href":"http:\/\/manrepse.es\/index.php\/wp-json\/wp\/v2\/pages"}],"about":[{"href":"http:\/\/manrepse.es\/index.php\/wp-json\/wp\/v2\/types\/page"}],"author":[{"embeddable":true,"href":"http:\/\/manrepse.es\/index.php\/wp-json\/wp\/v2\/users\/1"}],"replies":[{"embeddable":true,"href":"http:\/\/manrepse.es\/index.php\/wp-json\/wp\/v2\/comments?post=17"}],"version-history":[{"count":15,"href":"http:\/\/manrepse.es\/index.php\/wp-json\/wp\/v2\/pages\/17\/revisions"}],"predecessor-version":[{"id":156,"href":"http:\/\/manrepse.es\/index.php\/wp-json\/wp\/v2\/pages\/17\/revisions\/156"}],"wp:attachment":[{"href":"http:\/\/manrepse.es\/index.php\/wp-json\/wp\/v2\/media?parent=17"}],"curies":[{"name":"wp","href":"https:\/\/api.w.org\/{rel}","templated":true}]}}