{"id":28,"date":"2024-09-24T14:07:07","date_gmt":"2024-09-24T12:07:07","guid":{"rendered":"http:\/\/manrepse.es\/?page_id=28"},"modified":"2025-03-20T15:36:17","modified_gmt":"2025-03-20T14:36:17","slug":"instalaciones-de-climatizacion","status":"publish","type":"page","link":"http:\/\/manrepse.es\/index.php\/instalaciones-de-climatizacion\/","title":{"rendered":"Instalaciones de Climatizaci\u00f3n"},"content":{"rendered":"<div class=\"vce-row-container\" data-vce-boxed-width=\"true\"><div class=\"vce-row vce-row--col-gap-30 vce-row-equal-height vce-row-content--top\" id=\"el-55f85440\" data-vce-do-apply=\"all el-55f85440\"><div class=\"vce-row-content\" data-vce-element-content=\"true\"><div class=\"vce-col vce-col--md-auto vce-col--xs-1 vce-col--xs-last vce-col--xs-first vce-col--sm-last vce-col--sm-first vce-col--md-first vce-col--lg-first vce-col--xl-first\" id=\"el-54f688d2\"><div class=\"vce-col-inner\" data-vce-do-apply=\"border margin background  el-54f688d2\"><div class=\"vce-col-content\" data-vce-element-content=\"true\" data-vce-do-apply=\"padding el-54f688d2\"><div class=\"vce-text-block\"><div class=\"vce-text-block-wrapper vce\" id=\"el-e2f616a6\" data-vce-do-apply=\"all el-e2f616a6\"><h2>Instalaciones, reparaciones y mantenimiento de Instalaciones de climatizaci\u00f3n.<\/h2><p>En Mantenimiento y reparaciones electrot\u00e9rmicas, llevamos m\u00e1s de 30 a\u00f1os trabajando tanto para clientes particulares, como para grandes empresas y comunidades.<\/p><p>Nuestra profesionalidad y compromiso hace de nosotros una empresa s\u00f3lida y estable, capaz de acometer cualquier proyecto.<\/p><div><p>Instalamos cualquier marca y modelo para la climatizaci\u00f3n, todos nuestros trabajos cuentan con el asesoramiento de un jefe de proyectos y est\u00e1n garantizados. As\u00ed mismo efectuamos trabajos verticales y damos soluci\u00f3n a cualquier tipo de montaje, con el menor coste para nuestro cliente.<\/p><p>En obra y reformas; contamos con un equipo multidisciplinar con a\u00f1os de experiencia, donde somos expertos en electricidad, confecci\u00f3n de&nbsp; conductos de fibra, desag\u00fce, cableados, sistemas de zonas, prevenci\u00f3n de legionela.<\/p><p>Todo nuestro personal est\u00e1 formado y experimentado y disponemos de todos los cursos y t\u00edtulos de formaci\u00f3n obligatorios por el RITE07.<\/p><\/div><div><p>Nuestro equipo de montadores, siempre le asesorar\u00e1 de un correcto mantenimiento para que su instalaci\u00f3n consuma menos energ\u00eda, y que la calidad del aire del interior de nuestra vivienda u oficina sea m\u00e1s saludable y el entorno m\u00e1s agradable. Nosotros hacemos estos mantenimientos y controlamos todos los puntos a revisar, manteniendo el equipo en un buen estado.<\/p><p>Nuestros a\u00f1os de experiencia nos avalan para diagnosticar y enmendar cualquier tipo de aver\u00eda que tenga su equipo de climatizaci\u00f3n, ya que en la mayor\u00eda de las ocasiones \u00e9stas pueden ser reparadas.<\/p><\/div><\/div><\/div><\/div><\/div><\/div><div class=\"vce-col vce-col--md-auto vce-col--xs-1 vce-col--xs-last vce-col--xs-first vce-col--sm-last vce-col--sm-first vce-col--md-last vce-col--lg-last vce-col--xl-last\" id=\"el-350bd97d\"><div class=\"vce-col-inner\" data-vce-do-apply=\"border margin background  el-350bd97d\"><div class=\"vce-col-content\" data-vce-element-content=\"true\" data-vce-do-apply=\"padding el-350bd97d\"><div class=\"vce-single-image-container vce-single-image--align-left\"><div class=\"vce vce-single-image-wrapper\" id=\"el-5ac73a84\" data-vce-do-apply=\"all el-5ac73a84\"><figure><div class=\"vce-single-image-figure-inner\" style=\"width: 380px;\"><div class=\"vce-single-image-inner vce-single-image--absolute\" style=\"width: 100%; padding-bottom: 162.632%;\"><img loading=\"lazy\" decoding=\"async\" class=\"vce-single-image\"  width=\"380\" height=\"618\" srcset=\"http:\/\/manrepse.es\/wp-content\/uploads\/2024\/09\/instalacion-climatizacion-320x520.png 320w, http:\/\/manrepse.es\/wp-content\/uploads\/2024\/09\/instalacion-climatizacion-380x618.png 380w\" src=\"http:\/\/manrepse.es\/wp-content\/uploads\/2024\/09\/instalacion-climatizacion-380x618.png\" data-img-src=\"http:\/\/manrepse.es\/wp-content\/uploads\/2024\/09\/instalacion-climatizacion.png\" data-attachment-id=\"65\"  alt=\"\" title=\"instalacion-climatizacion\" \/><\/div><\/div><figcaption hidden=\"\"><\/figcaption><\/figure><\/div><\/div><\/div><\/div><\/div><\/div><\/div><\/div>\n","protected":false},"excerpt":{"rendered":"<p>Instalaciones, reparaciones y mantenimiento de Instalaciones de climatizaci\u00f3n.En Mantenimiento y reparaciones electrot\u00e9rmicas, llevamos m\u00e1s de 30 a\u00f1os trabajando tanto para clientes particulares, como para grandes empresas y comunidades.Nuestra profesionalidad y compromiso hace de nosotros una empresa s\u00f3lida y estable, capaz de acometer cualquier proyecto.Instalamos cualquier marca y modelo para la climatizaci\u00f3n, todos nuestros trabajos cuentan [&hellip;]<\/p>\n","protected":false},"author":1,"featured_media":0,"parent":0,"menu_order":0,"comment_status":"closed","ping_status":"closed","template":"","meta":{"footnotes":""},"class_list":["post-28","page","type-page","status-publish","hentry"],"yoast_head":"<!-- This site is optimized with the Yoast SEO plugin v26.1.1 - https:\/\/yoast.com\/wordpress\/plugins\/seo\/ -->\n<title>Instalaciones de Climatizaci\u00f3n - Manrepse<\/title>\n<meta name=\"description\" content=\"Instalaciones de Climatizaci\u00f3n. Instalaciones, reparaciones y mantenimiento de Instalaciones de climatizaci\u00f3n.\" \/>\n<meta name=\"robots\" content=\"index, follow, max-snippet:-1, max-image-preview:large, max-video-preview:-1\" \/>\n<link rel=\"canonical\" href=\"http:\/\/manrepse.es\/index.php\/instalaciones-de-climatizacion\/\" \/>\n<meta property=\"og:locale\" content=\"es_ES\" \/>\n<meta property=\"og:type\" content=\"article\" \/>\n<meta property=\"og:title\" content=\"Instalaciones de Climatizaci\u00f3n - Manrepse\" \/>\n<meta property=\"og:description\" content=\"Instalaciones de Climatizaci\u00f3n. Instalaciones, reparaciones y mantenimiento de Instalaciones de climatizaci\u00f3n.\" \/>\n<meta property=\"og:url\" content=\"http:\/\/manrepse.es\/index.php\/instalaciones-de-climatizacion\/\" \/>\n<meta property=\"og:site_name\" content=\"Manrepse\" \/>\n<meta property=\"article:modified_time\" content=\"2025-03-20T14:36:17+00:00\" \/>\n<meta name=\"twitter:card\" content=\"summary_large_image\" \/>\n<meta name=\"twitter:label1\" content=\"Tiempo de lectura\" \/>\n\t<meta name=\"twitter:data1\" content=\"2 minutos\" \/>\n<script type=\"application\/ld+json\" class=\"yoast-schema-graph\">{\"@context\":\"https:\/\/schema.org\",\"@graph\":[{\"@type\":\"WebPage\",\"@id\":\"http:\/\/manrepse.es\/index.php\/instalaciones-de-climatizacion\/\",\"url\":\"http:\/\/manrepse.es\/index.php\/instalaciones-de-climatizacion\/\",\"name\":\"Instalaciones de Climatizaci\u00f3n - Manrepse\",\"isPartOf\":{\"@id\":\"http:\/\/manrepse.es\/#website\"},\"datePublished\":\"2024-09-24T12:07:07+00:00\",\"dateModified\":\"2025-03-20T14:36:17+00:00\",\"description\":\"Instalaciones de Climatizaci\u00f3n. Instalaciones, reparaciones y mantenimiento de Instalaciones de climatizaci\u00f3n.\",\"breadcrumb\":{\"@id\":\"http:\/\/manrepse.es\/index.php\/instalaciones-de-climatizacion\/#breadcrumb\"},\"inLanguage\":\"es\",\"potentialAction\":[{\"@type\":\"ReadAction\",\"target\":[\"http:\/\/manrepse.es\/index.php\/instalaciones-de-climatizacion\/\"]}]},{\"@type\":\"BreadcrumbList\",\"@id\":\"http:\/\/manrepse.es\/index.php\/instalaciones-de-climatizacion\/#breadcrumb\",\"itemListElement\":[{\"@type\":\"ListItem\",\"position\":1,\"name\":\"Portada\",\"item\":\"http:\/\/manrepse.es\/\"},{\"@type\":\"ListItem\",\"position\":2,\"name\":\"Instalaciones de Climatizaci\u00f3n\"}]},{\"@type\":\"WebSite\",\"@id\":\"http:\/\/manrepse.es\/#website\",\"url\":\"http:\/\/manrepse.es\/\",\"name\":\"Manrepse\",\"description\":\"Manrepse\",\"publisher\":{\"@id\":\"http:\/\/manrepse.es\/#organization\"},\"potentialAction\":[{\"@type\":\"SearchAction\",\"target\":{\"@type\":\"EntryPoint\",\"urlTemplate\":\"http:\/\/manrepse.es\/?s={search_term_string}\"},\"query-input\":{\"@type\":\"PropertyValueSpecification\",\"valueRequired\":true,\"valueName\":\"search_term_string\"}}],\"inLanguage\":\"es\"},{\"@type\":\"Organization\",\"@id\":\"http:\/\/manrepse.es\/#organization\",\"name\":\"Manrepse\",\"url\":\"http:\/\/manrepse.es\/\",\"logo\":{\"@type\":\"ImageObject\",\"inLanguage\":\"es\",\"@id\":\"http:\/\/manrepse.es\/#\/schema\/logo\/image\/\",\"url\":\"http:\/\/manrepse.es\/wp-content\/uploads\/2024\/09\/logo-copia.jpg\",\"contentUrl\":\"http:\/\/manrepse.es\/wp-content\/uploads\/2024\/09\/logo-copia.jpg\",\"width\":303,\"height\":85,\"caption\":\"Manrepse\"},\"image\":{\"@id\":\"http:\/\/manrepse.es\/#\/schema\/logo\/image\/\"}}]}<\/script>\n<!-- \/ Yoast SEO plugin. -->","yoast_head_json":{"title":"Instalaciones de Climatizaci\u00f3n - Manrepse","description":"Instalaciones de Climatizaci\u00f3n. Instalaciones, reparaciones y mantenimiento de Instalaciones de climatizaci\u00f3n.","robots":{"index":"index","follow":"follow","max-snippet":"max-snippet:-1","max-image-preview":"max-image-preview:large","max-video-preview":"max-video-preview:-1"},"canonical":"http:\/\/manrepse.es\/index.php\/instalaciones-de-climatizacion\/","og_locale":"es_ES","og_type":"article","og_title":"Instalaciones de Climatizaci\u00f3n - Manrepse","og_description":"Instalaciones de Climatizaci\u00f3n. Instalaciones, reparaciones y mantenimiento de Instalaciones de climatizaci\u00f3n.","og_url":"http:\/\/manrepse.es\/index.php\/instalaciones-de-climatizacion\/","og_site_name":"Manrepse","article_modified_time":"2025-03-20T14:36:17+00:00","twitter_card":"summary_large_image","twitter_misc":{"Tiempo de lectura":"2 minutos"},"schema":{"@context":"https:\/\/schema.org","@graph":[{"@type":"WebPage","@id":"http:\/\/manrepse.es\/index.php\/instalaciones-de-climatizacion\/","url":"http:\/\/manrepse.es\/index.php\/instalaciones-de-climatizacion\/","name":"Instalaciones de Climatizaci\u00f3n - Manrepse","isPartOf":{"@id":"http:\/\/manrepse.es\/#website"},"datePublished":"2024-09-24T12:07:07+00:00","dateModified":"2025-03-20T14:36:17+00:00","description":"Instalaciones de Climatizaci\u00f3n. Instalaciones, reparaciones y mantenimiento de Instalaciones de climatizaci\u00f3n.","breadcrumb":{"@id":"http:\/\/manrepse.es\/index.php\/instalaciones-de-climatizacion\/#breadcrumb"},"inLanguage":"es","potentialAction":[{"@type":"ReadAction","target":["http:\/\/manrepse.es\/index.php\/instalaciones-de-climatizacion\/"]}]},{"@type":"BreadcrumbList","@id":"http:\/\/manrepse.es\/index.php\/instalaciones-de-climatizacion\/#breadcrumb","itemListElement":[{"@type":"ListItem","position":1,"name":"Portada","item":"http:\/\/manrepse.es\/"},{"@type":"ListItem","position":2,"name":"Instalaciones de Climatizaci\u00f3n"}]},{"@type":"WebSite","@id":"http:\/\/manrepse.es\/#website","url":"http:\/\/manrepse.es\/","name":"Manrepse","description":"Manrepse","publisher":{"@id":"http:\/\/manrepse.es\/#organization"},"potentialAction":[{"@type":"SearchAction","target":{"@type":"EntryPoint","urlTemplate":"http:\/\/manrepse.es\/?s={search_term_string}"},"query-input":{"@type":"PropertyValueSpecification","valueRequired":true,"valueName":"search_term_string"}}],"inLanguage":"es"},{"@type":"Organization","@id":"http:\/\/manrepse.es\/#organization","name":"Manrepse","url":"http:\/\/manrepse.es\/","logo":{"@type":"ImageObject","inLanguage":"es","@id":"http:\/\/manrepse.es\/#\/schema\/logo\/image\/","url":"http:\/\/manrepse.es\/wp-content\/uploads\/2024\/09\/logo-copia.jpg","contentUrl":"http:\/\/manrepse.es\/wp-content\/uploads\/2024\/09\/logo-copia.jpg","width":303,"height":85,"caption":"Manrepse"},"image":{"@id":"http:\/\/manrepse.es\/#\/schema\/logo\/image\/"}}]}},"_links":{"self":[{"href":"http:\/\/manrepse.es\/index.php\/wp-json\/wp\/v2\/pages\/28","targetHints":{"allow":["GET"]}}],"collection":[{"href":"http:\/\/manrepse.es\/index.php\/wp-json\/wp\/v2\/pages"}],"about":[{"href":"http:\/\/manrepse.es\/index.php\/wp-json\/wp\/v2\/types\/page"}],"author":[{"embeddable":true,"href":"http:\/\/manrepse.es\/index.php\/wp-json\/wp\/v2\/users\/1"}],"replies":[{"embeddable":true,"href":"http:\/\/manrepse.es\/index.php\/wp-json\/wp\/v2\/comments?post=28"}],"version-history":[{"count":2,"href":"http:\/\/manrepse.es\/index.php\/wp-json\/wp\/v2\/pages\/28\/revisions"}],"predecessor-version":[{"id":66,"href":"http:\/\/manrepse.es\/index.php\/wp-json\/wp\/v2\/pages\/28\/revisions\/66"}],"wp:attachment":[{"href":"http:\/\/manrepse.es\/index.php\/wp-json\/wp\/v2\/media?parent=28"}],"curies":[{"name":"wp","href":"https:\/\/api.w.org\/{rel}","templated":true}]}}