{"id":41,"date":"2024-09-24T14:08:43","date_gmt":"2024-09-24T12:08:43","guid":{"rendered":"http:\/\/manrepse.es\/?page_id=41"},"modified":"2025-03-20T15:39:24","modified_gmt":"2025-03-20T14:39:24","slug":"instalaciones-de-gas","status":"publish","type":"page","link":"http:\/\/manrepse.es\/index.php\/instalaciones-de-gas\/","title":{"rendered":"Instalaciones de gas"},"content":{"rendered":"<div class=\"vce-row-container\" data-vce-boxed-width=\"true\"><div class=\"vce-row vce-row--col-gap-30 vce-row-equal-height vce-row-content--top\" id=\"el-7c0b9cfd\" data-vce-do-apply=\"all el-7c0b9cfd\"><div class=\"vce-row-content\" data-vce-element-content=\"true\"><div class=\"vce-col vce-col--md-auto vce-col--xs-1 vce-col--xs-last vce-col--xs-first vce-col--sm-last vce-col--sm-first vce-col--md-first vce-col--lg-first vce-col--xl-first\" id=\"el-1e81399a\"><div class=\"vce-col-inner\" data-vce-do-apply=\"border margin background  el-1e81399a\"><div class=\"vce-col-content\" data-vce-element-content=\"true\" data-vce-do-apply=\"padding el-1e81399a\"><div class=\"vce-text-block\"><div class=\"vce-text-block-wrapper vce\" id=\"el-60a8d736\" data-vce-do-apply=\"all el-60a8d736\"><h2>Instalaciones de gas en Sevilla<\/h2><p>En Mantenimiento y reparaciones somos instaladores de Gas Autorizado para efectuar cualquier tipo de instalaci\u00f3n, obra nueva o reforma, ya sea en casas individuales o edificios, as\u00ed mismo realizamos trabajos integrales de instalaciones t\u00e9rmicas y calderas.<\/p><p>La amplia experiencia adquirida durante a\u00f1os de trabajo nos permite realizar, instalaci\u00f3n, reparaci\u00f3n y mantenimiento de componentes, instalaciones de vapor, reparaci\u00f3n y mantenimiento de calderas, dep\u00f3sitos de almacenamiento de combustibles l\u00edquidos y, a su vez, valorar y ejecutar posibles mejoras en cualquier tipo de instalaci\u00f3n.<\/p><p>Nuestros soldadores est\u00e1n homologados en procedimientos manuales de soldadura TIG, soldadura por electrodo y soldadura semiautom\u00e1tica, todas nuestras instalaciones cuentan con un equipo de Jefe de proyectos, planificadores, consultores y analistas que desarrollan soluciones eficientes y sostenibles, para cada lugar tenemos un proyecto a medida, fundamentalmente en instalaciones industriales, de hosteler\u00eda, comercio y edificaci\u00f3n y en proyectos particulares. Tambi\u00e9n realizamos anteproyectos, propuestas previa de proyectos, planos. Proyectos b\u00e1sico y de ejecuci\u00f3n, redacci\u00f3n del proyecto definitivo, asesoramiento y ayuda t\u00e9cnica.<\/p><p><strong>Construcci\u00f3n, seguimiento y direcci\u00f3n de obras<\/strong><\/p><p>Legalizaciones del proyecto de actividades y licencia de apertura, Obtenci\u00f3n de adjudicaciones. Preselecci\u00f3n del contratista e industriales, evaluaci\u00f3n de ofertas, estudios de viabilidad, toma de datos, estudios, geot\u00e9cnicos y topogr\u00e1ficos, aplicaci\u00f3n y direcci\u00f3n de la normativa vigente.<\/p><\/div><\/div><\/div><\/div><\/div><div class=\"vce-col vce-col--md-auto vce-col--xs-1 vce-col--xs-last vce-col--xs-first vce-col--sm-last vce-col--sm-first vce-col--md-last vce-col--lg-last vce-col--xl-last\" id=\"el-234cee9d\"><div class=\"vce-col-inner\" data-vce-do-apply=\"border margin background  el-234cee9d\"><div class=\"vce-col-content\" data-vce-element-content=\"true\" data-vce-do-apply=\"padding el-234cee9d\"><div class=\"vce-single-image-container vce-single-image--align-left\"><div class=\"vce vce-single-image-wrapper\" id=\"el-b3e82a48\" data-vce-do-apply=\"all el-b3e82a48\"><figure><div class=\"vce-single-image-figure-inner\" style=\"width: 380px;\"><div class=\"vce-single-image-inner vce-single-image--absolute\" style=\"width: 100%; padding-bottom: 162.632%;\"><img loading=\"lazy\" decoding=\"async\" class=\"vce-single-image\"  width=\"380\" height=\"618\" srcset=\"http:\/\/manrepse.es\/wp-content\/uploads\/2024\/09\/instalacion-gas-1-320x520.png 320w, http:\/\/manrepse.es\/wp-content\/uploads\/2024\/09\/instalacion-gas-1-380x618.png 380w\" src=\"http:\/\/manrepse.es\/wp-content\/uploads\/2024\/09\/instalacion-gas-1-380x618.png\" data-img-src=\"http:\/\/manrepse.es\/wp-content\/uploads\/2024\/09\/instalacion-gas-1.png\" data-attachment-id=\"75\"  alt=\"\" title=\"instalacion-gas\" \/><\/div><\/div><figcaption hidden=\"\"><\/figcaption><\/figure><\/div><\/div><\/div><\/div><\/div><\/div><\/div><\/div>\n","protected":false},"excerpt":{"rendered":"<p>Instalaciones de gas en SevillaEn Mantenimiento y reparaciones somos instaladores de Gas Autorizado para efectuar cualquier tipo de instalaci\u00f3n, obra nueva o reforma, ya sea en casas individuales o edificios, as\u00ed mismo realizamos trabajos integrales de instalaciones t\u00e9rmicas y calderas.La amplia experiencia adquirida durante a\u00f1os de trabajo nos permite realizar, instalaci\u00f3n, reparaci\u00f3n y mantenimiento de [&hellip;]<\/p>\n","protected":false},"author":1,"featured_media":0,"parent":0,"menu_order":0,"comment_status":"closed","ping_status":"closed","template":"","meta":{"footnotes":""},"class_list":["post-41","page","type-page","status-publish","hentry"],"yoast_head":"<!-- This site is optimized with the Yoast SEO plugin v26.1.1 - https:\/\/yoast.com\/wordpress\/plugins\/seo\/ -->\n<title>Instalaciones de gas - Manrepse<\/title>\n<meta name=\"description\" content=\"Instalaciones de gas en Sevilla. Amplia experiencia adquirida durante a\u00f1os de trabajo. Instalaci\u00f3n, reparaci\u00f3n y mantenimiento.\" \/>\n<meta name=\"robots\" content=\"index, follow, max-snippet:-1, max-image-preview:large, max-video-preview:-1\" \/>\n<link rel=\"canonical\" href=\"https:\/\/manrepse.es\/index.php\/instalaciones-de-gas\/\" \/>\n<meta property=\"og:locale\" content=\"es_ES\" \/>\n<meta property=\"og:type\" content=\"article\" \/>\n<meta property=\"og:title\" content=\"Instalaciones de gas - Manrepse\" \/>\n<meta property=\"og:description\" content=\"Instalaciones de gas en Sevilla. Amplia experiencia adquirida durante a\u00f1os de trabajo. Instalaci\u00f3n, reparaci\u00f3n y mantenimiento.\" \/>\n<meta property=\"og:url\" content=\"https:\/\/manrepse.es\/index.php\/instalaciones-de-gas\/\" \/>\n<meta property=\"og:site_name\" content=\"Manrepse\" \/>\n<meta property=\"article:modified_time\" content=\"2025-03-20T14:39:24+00:00\" \/>\n<meta name=\"twitter:card\" content=\"summary_large_image\" \/>\n<meta name=\"twitter:label1\" content=\"Tiempo de lectura\" \/>\n\t<meta name=\"twitter:data1\" content=\"2 minutos\" \/>\n<script type=\"application\/ld+json\" class=\"yoast-schema-graph\">{\"@context\":\"https:\/\/schema.org\",\"@graph\":[{\"@type\":\"WebPage\",\"@id\":\"https:\/\/manrepse.es\/index.php\/instalaciones-de-gas\/\",\"url\":\"https:\/\/manrepse.es\/index.php\/instalaciones-de-gas\/\",\"name\":\"Instalaciones de gas - Manrepse\",\"isPartOf\":{\"@id\":\"http:\/\/manrepse.es\/#website\"},\"datePublished\":\"2024-09-24T12:08:43+00:00\",\"dateModified\":\"2025-03-20T14:39:24+00:00\",\"description\":\"Instalaciones de gas en Sevilla. Amplia experiencia adquirida durante a\u00f1os de trabajo. Instalaci\u00f3n, reparaci\u00f3n y mantenimiento.\",\"breadcrumb\":{\"@id\":\"https:\/\/manrepse.es\/index.php\/instalaciones-de-gas\/#breadcrumb\"},\"inLanguage\":\"es\",\"potentialAction\":[{\"@type\":\"ReadAction\",\"target\":[\"https:\/\/manrepse.es\/index.php\/instalaciones-de-gas\/\"]}]},{\"@type\":\"BreadcrumbList\",\"@id\":\"https:\/\/manrepse.es\/index.php\/instalaciones-de-gas\/#breadcrumb\",\"itemListElement\":[{\"@type\":\"ListItem\",\"position\":1,\"name\":\"Portada\",\"item\":\"https:\/\/manrepse.es\/\"},{\"@type\":\"ListItem\",\"position\":2,\"name\":\"Instalaciones de gas\"}]},{\"@type\":\"WebSite\",\"@id\":\"http:\/\/manrepse.es\/#website\",\"url\":\"http:\/\/manrepse.es\/\",\"name\":\"Manrepse\",\"description\":\"Manrepse\",\"publisher\":{\"@id\":\"http:\/\/manrepse.es\/#organization\"},\"potentialAction\":[{\"@type\":\"SearchAction\",\"target\":{\"@type\":\"EntryPoint\",\"urlTemplate\":\"http:\/\/manrepse.es\/?s={search_term_string}\"},\"query-input\":{\"@type\":\"PropertyValueSpecification\",\"valueRequired\":true,\"valueName\":\"search_term_string\"}}],\"inLanguage\":\"es\"},{\"@type\":\"Organization\",\"@id\":\"http:\/\/manrepse.es\/#organization\",\"name\":\"Manrepse\",\"url\":\"http:\/\/manrepse.es\/\",\"logo\":{\"@type\":\"ImageObject\",\"inLanguage\":\"es\",\"@id\":\"http:\/\/manrepse.es\/#\/schema\/logo\/image\/\",\"url\":\"http:\/\/manrepse.es\/wp-content\/uploads\/2024\/09\/logo-copia.jpg\",\"contentUrl\":\"http:\/\/manrepse.es\/wp-content\/uploads\/2024\/09\/logo-copia.jpg\",\"width\":303,\"height\":85,\"caption\":\"Manrepse\"},\"image\":{\"@id\":\"http:\/\/manrepse.es\/#\/schema\/logo\/image\/\"}}]}<\/script>\n<!-- \/ Yoast SEO plugin. -->","yoast_head_json":{"title":"Instalaciones de gas - Manrepse","description":"Instalaciones de gas en Sevilla. Amplia experiencia adquirida durante a\u00f1os de trabajo. Instalaci\u00f3n, reparaci\u00f3n y mantenimiento.","robots":{"index":"index","follow":"follow","max-snippet":"max-snippet:-1","max-image-preview":"max-image-preview:large","max-video-preview":"max-video-preview:-1"},"canonical":"https:\/\/manrepse.es\/index.php\/instalaciones-de-gas\/","og_locale":"es_ES","og_type":"article","og_title":"Instalaciones de gas - Manrepse","og_description":"Instalaciones de gas en Sevilla. Amplia experiencia adquirida durante a\u00f1os de trabajo. Instalaci\u00f3n, reparaci\u00f3n y mantenimiento.","og_url":"https:\/\/manrepse.es\/index.php\/instalaciones-de-gas\/","og_site_name":"Manrepse","article_modified_time":"2025-03-20T14:39:24+00:00","twitter_card":"summary_large_image","twitter_misc":{"Tiempo de lectura":"2 minutos"},"schema":{"@context":"https:\/\/schema.org","@graph":[{"@type":"WebPage","@id":"https:\/\/manrepse.es\/index.php\/instalaciones-de-gas\/","url":"https:\/\/manrepse.es\/index.php\/instalaciones-de-gas\/","name":"Instalaciones de gas - Manrepse","isPartOf":{"@id":"http:\/\/manrepse.es\/#website"},"datePublished":"2024-09-24T12:08:43+00:00","dateModified":"2025-03-20T14:39:24+00:00","description":"Instalaciones de gas en Sevilla. Amplia experiencia adquirida durante a\u00f1os de trabajo. Instalaci\u00f3n, reparaci\u00f3n y mantenimiento.","breadcrumb":{"@id":"https:\/\/manrepse.es\/index.php\/instalaciones-de-gas\/#breadcrumb"},"inLanguage":"es","potentialAction":[{"@type":"ReadAction","target":["https:\/\/manrepse.es\/index.php\/instalaciones-de-gas\/"]}]},{"@type":"BreadcrumbList","@id":"https:\/\/manrepse.es\/index.php\/instalaciones-de-gas\/#breadcrumb","itemListElement":[{"@type":"ListItem","position":1,"name":"Portada","item":"https:\/\/manrepse.es\/"},{"@type":"ListItem","position":2,"name":"Instalaciones de gas"}]},{"@type":"WebSite","@id":"http:\/\/manrepse.es\/#website","url":"http:\/\/manrepse.es\/","name":"Manrepse","description":"Manrepse","publisher":{"@id":"http:\/\/manrepse.es\/#organization"},"potentialAction":[{"@type":"SearchAction","target":{"@type":"EntryPoint","urlTemplate":"http:\/\/manrepse.es\/?s={search_term_string}"},"query-input":{"@type":"PropertyValueSpecification","valueRequired":true,"valueName":"search_term_string"}}],"inLanguage":"es"},{"@type":"Organization","@id":"http:\/\/manrepse.es\/#organization","name":"Manrepse","url":"http:\/\/manrepse.es\/","logo":{"@type":"ImageObject","inLanguage":"es","@id":"http:\/\/manrepse.es\/#\/schema\/logo\/image\/","url":"http:\/\/manrepse.es\/wp-content\/uploads\/2024\/09\/logo-copia.jpg","contentUrl":"http:\/\/manrepse.es\/wp-content\/uploads\/2024\/09\/logo-copia.jpg","width":303,"height":85,"caption":"Manrepse"},"image":{"@id":"http:\/\/manrepse.es\/#\/schema\/logo\/image\/"}}]}},"_links":{"self":[{"href":"http:\/\/manrepse.es\/index.php\/wp-json\/wp\/v2\/pages\/41","targetHints":{"allow":["GET"]}}],"collection":[{"href":"http:\/\/manrepse.es\/index.php\/wp-json\/wp\/v2\/pages"}],"about":[{"href":"http:\/\/manrepse.es\/index.php\/wp-json\/wp\/v2\/types\/page"}],"author":[{"embeddable":true,"href":"http:\/\/manrepse.es\/index.php\/wp-json\/wp\/v2\/users\/1"}],"replies":[{"embeddable":true,"href":"http:\/\/manrepse.es\/index.php\/wp-json\/wp\/v2\/comments?post=41"}],"version-history":[{"count":2,"href":"http:\/\/manrepse.es\/index.php\/wp-json\/wp\/v2\/pages\/41\/revisions"}],"predecessor-version":[{"id":77,"href":"http:\/\/manrepse.es\/index.php\/wp-json\/wp\/v2\/pages\/41\/revisions\/77"}],"wp:attachment":[{"href":"http:\/\/manrepse.es\/index.php\/wp-json\/wp\/v2\/media?parent=41"}],"curies":[{"name":"wp","href":"https:\/\/api.w.org\/{rel}","templated":true}]}}