{"id":47,"date":"2024-09-24T14:09:43","date_gmt":"2024-09-24T12:09:43","guid":{"rendered":"http:\/\/manrepse.es\/?page_id=47"},"modified":"2025-03-20T15:44:57","modified_gmt":"2025-03-20T14:44:57","slug":"energia-solar-termica","status":"publish","type":"page","link":"http:\/\/manrepse.es\/index.php\/energia-solar-termica\/","title":{"rendered":"Energ\u00eda solar t\u00e9rmica"},"content":{"rendered":"<div class=\"vce-row-container\" data-vce-boxed-width=\"true\"><div class=\"vce-row vce-row--col-gap-30 vce-row-equal-height vce-row-content--top\" id=\"el-084e16a3\" data-vce-do-apply=\"all el-084e16a3\"><div class=\"vce-row-content\" data-vce-element-content=\"true\"><div class=\"vce-col vce-col--md-auto vce-col--xs-1 vce-col--xs-last vce-col--xs-first vce-col--sm-last vce-col--sm-first vce-col--md-first vce-col--lg-first vce-col--xl-first\" id=\"el-7c165279\"><div class=\"vce-col-inner\" data-vce-do-apply=\"border margin background  el-7c165279\"><div class=\"vce-col-content\" data-vce-element-content=\"true\" data-vce-do-apply=\"padding el-7c165279\"><div class=\"vce-text-block\"><div class=\"vce-text-block-wrapper vce\" id=\"el-081cc223\" data-vce-do-apply=\"all el-081cc223\"><div class=\" two-thirds\"><div class=\"wpb_text_column \"><div class=\"wpb_wrapper\"><h2>Energ\u00eda solar t\u00e9rmica en Sevilla<\/h2><p>La energ\u00eda solar t\u00e9rmica funciona como si de una manguera negra colocada al sol se tratase. La superficie de la manguera absorber\u00eda la luz solar, especialmente la radiaci\u00f3n de calor, calentando el agua de su interior. La energ\u00eda solar t\u00e9rmica funciona de manera muy similar:<\/p><ol><li>El colector absorbe la luz solar calentando un fluido especial conductor de calor.<\/li><li>La bomba transporta el fluido hasta el intercambiador de calor del acumulador solar.<\/li><li>Aqu\u00ed, la energ\u00eda t\u00e9rmica es transmitida a un dep\u00f3sito de almacenamiento.<\/li><li>En caso de que la radiaci\u00f3n solar sea insuficiente, un sistema de calentamiento convencional calienta el dep\u00f3sito a la temperatura deseada.<\/li><\/ol><p><b>Un sistema de energ\u00eda solar t\u00e9rmica proporciona de media el 60% de la energ\u00eda necesaria para satisfacer las necesidades de agua caliente.<\/b><\/p><p>El uso de la energ\u00eda solar conlleva grandes beneficios:<\/p><ul class=\"ui_text_list_01\"><li>Energ\u00eda infinita y gratuita<\/li><li>Sin emisiones de C02<\/li><li>Reduce costes: hasta un 60% para calentar el agua y un 35% para calefacci\u00f3n.<\/li><li>Reduce el consumo de combustibles f\u00f3siles<\/li><li>Se puede integraren un sistema que ya est\u00e9 instalado.<\/li><li>Los nuevos sistemas funcionan eficientemente incluso en invierno.<\/li><\/ul><\/div><\/div><\/div><\/div><\/div><\/div><\/div><\/div><div class=\"vce-col vce-col--md-auto vce-col--xs-1 vce-col--xs-last vce-col--xs-first vce-col--sm-last vce-col--sm-first vce-col--md-last vce-col--lg-last vce-col--xl-last\" id=\"el-ffd237c5\"><div class=\"vce-col-inner\" data-vce-do-apply=\"border margin background  el-ffd237c5\"><div class=\"vce-col-content\" data-vce-element-content=\"true\" data-vce-do-apply=\"padding el-ffd237c5\"><div class=\"vce-single-image-container vce-single-image--align-left\"><div class=\"vce vce-single-image-wrapper\" id=\"el-9fc7b067\" data-vce-do-apply=\"all el-9fc7b067\"><figure><div class=\"vce-single-image-figure-inner\" style=\"width: 380px;\"><div class=\"vce-single-image-inner vce-single-image--absolute\" style=\"width: 100%; padding-bottom: 162.632%;\"><img loading=\"lazy\" decoding=\"async\" class=\"vce-single-image\"  width=\"380\" height=\"618\" srcset=\"http:\/\/manrepse.es\/wp-content\/uploads\/2024\/09\/energia-solar-termica-320x520.png 320w, http:\/\/manrepse.es\/wp-content\/uploads\/2024\/09\/energia-solar-termica-380x618.png 380w\" src=\"http:\/\/manrepse.es\/wp-content\/uploads\/2024\/09\/energia-solar-termica-380x618.png\" data-img-src=\"http:\/\/manrepse.es\/wp-content\/uploads\/2024\/09\/energia-solar-termica.png\" data-attachment-id=\"87\"  alt=\"\" title=\"energia-solar-termica\" \/><\/div><\/div><figcaption hidden=\"\"><\/figcaption><\/figure><\/div><\/div><\/div><\/div><\/div><\/div><\/div><\/div><div class=\"vce-row-container\" data-vce-boxed-width=\"true\"><div class=\"vce-row vce-row--col-gap-30 vce-row-equal-height vce-row-content--top\" id=\"el-106e24e3\" data-vce-do-apply=\"all el-106e24e3\"><div class=\"vce-row-content\" data-vce-element-content=\"true\"><div class=\"vce-col vce-col--md-auto vce-col--xs-1 vce-col--xs-last vce-col--xs-first vce-col--sm-last vce-col--sm-first vce-col--md-first vce-col--lg-first vce-col--xl-first\" id=\"el-e9596ee1\"><div class=\"vce-col-inner\" data-vce-do-apply=\"border margin background  el-e9596ee1\"><div class=\"vce-col-content\" data-vce-element-content=\"true\" data-vce-do-apply=\"padding el-e9596ee1\"><div class=\"vce-features vce-var-icon vce-features--style-none vce-features--size-large\" style=\"--iconAlignment: center; --iconColor: rgb(13, 30, 227); --iconColorHover: rgb(13, 30, 227); --shapeColor: #3cb878; --shapeColorHover: #3cb878; --linkColorHover: #36a56b;\"><div id=\"el-bc90ff64\" class=\"vce vce-features-icon-wrapper\" data-vce-do-apply=\"all el-bc90ff64\"><div class=\"vce-features--icon vce-icon\"><svg xmlns=\"https:\/\/www.w3.org\/2000\/svg\" viewBox=\"0 0 769 769\"><path stroke-width=\"25\" d=\"M565.755 696.27h-360l-180-311.77 180-311.77h360l180 311.77z\"><\/path><\/svg><span class=\"vce-icon-container fas fa-euro-sign\"><\/span><\/div><\/div><\/div><div class=\"vce-text-block\"><div class=\"vce-text-block-wrapper vce\" id=\"el-622a23e1\" data-vce-do-apply=\"all el-622a23e1\"><h4 class=\"w-iconbox-title\" style=\"text-align: center;\">Ahorro garantizado<\/h4><div class=\"w-iconbox-text\" style=\"text-align: center;\">Consigue tu equipo sin esfuerzos.<\/div><\/div><\/div><\/div><\/div><\/div><div class=\"vce-col vce-col--md-auto vce-col--xs-1 vce-col--xs-last vce-col--xs-first vce-col--sm-last vce-col--sm-first\" id=\"el-355e8724\"><div class=\"vce-col-inner\" data-vce-do-apply=\"border margin background  el-355e8724\"><div class=\"vce-col-content\" data-vce-element-content=\"true\" data-vce-do-apply=\"padding el-355e8724\"><div class=\"vce-features vce-var-icon vce-features--style-none vce-features--size-large\" style=\"--iconAlignment: center; --iconColor: rgb(13, 30, 227); --iconColorHover: rgb(13, 30, 227); --shapeColor: #3cb878; --shapeColorHover: #3cb878; --linkColorHover: #36a56b;\"><div id=\"el-e8b157ea\" class=\"vce vce-features-icon-wrapper\" data-vce-do-apply=\"all el-e8b157ea\"><div class=\"vce-features--icon vce-icon\"><svg xmlns=\"https:\/\/www.w3.org\/2000\/svg\" viewBox=\"0 0 769 769\"><path stroke-width=\"25\" d=\"M565.755 696.27h-360l-180-311.77 180-311.77h360l180 311.77z\"><\/path><\/svg><span class=\"vce-icon-container far fa-smile\"><\/span><\/div><\/div><\/div><div class=\"vce-text-block\"><div class=\"vce-text-block-wrapper vce\" id=\"el-ac1abb41\" data-vce-do-apply=\"all el-ac1abb41\"><h4 class=\"w-iconbox-title\" style=\"text-align: center;\">Comodidad<\/h4><div class=\"w-iconbox-text\" style=\"text-align: center;\">Es un sistema de f\u00e1cil instalaci\u00f3n y que apenas necesita mantenimiento.<\/div><div class=\"notranslate\" style=\"all: initial;\">&nbsp;<\/div><\/div><\/div><\/div><\/div><\/div><div class=\"vce-col vce-col--md-auto vce-col--xs-1 vce-col--xs-last vce-col--xs-first vce-col--sm-last vce-col--sm-first\" id=\"el-86f8d773\"><div class=\"vce-col-inner\" data-vce-do-apply=\"border margin background  el-86f8d773\"><div class=\"vce-col-content\" data-vce-element-content=\"true\" data-vce-do-apply=\"padding el-86f8d773\"><div class=\"vce-features vce-var-icon vce-features--style-none vce-features--size-large\" style=\"--iconAlignment: center; --iconColor: rgb(13, 30, 227); --iconColorHover: rgb(13, 30, 227); --shapeColor: #3cb878; --shapeColorHover: #3cb878; --linkColorHover: #36a56b;\"><div id=\"el-ad1da2a3\" class=\"vce vce-features-icon-wrapper\" data-vce-do-apply=\"all el-ad1da2a3\"><div class=\"vce-features--icon vce-icon\"><svg xmlns=\"https:\/\/www.w3.org\/2000\/svg\" viewBox=\"0 0 769 769\"><path stroke-width=\"25\" d=\"M565.755 696.27h-360l-180-311.77 180-311.77h360l180 311.77z\"><\/path><\/svg><span class=\"vce-icon-container fas fa-signal\"><\/span><\/div><\/div><\/div><div class=\"vce-text-block\"><div class=\"vce-text-block-wrapper vce\" id=\"el-242acd3c\" data-vce-do-apply=\"all el-242acd3c\"><h4 class=\"w-iconbox-title\" style=\"text-align: center;\">M\u00e1s seguridad<\/h4><div class=\"w-iconbox-text\"><p style=\"text-align: center;\">Siempre existe un riesgo en tu hogar con los sistemas tradicionales para calentar el agua.<\/p><\/div><\/div><\/div><\/div><\/div><\/div><div class=\"vce-col vce-col--md-auto vce-col--xs-1 vce-col--xs-last vce-col--xs-first vce-col--sm-last vce-col--sm-first vce-col--md-last vce-col--lg-last vce-col--xl-last\" id=\"el-a915ef0f\"><div class=\"vce-col-inner\" data-vce-do-apply=\"border margin background  el-a915ef0f\"><div class=\"vce-col-content\" data-vce-element-content=\"true\" data-vce-do-apply=\"padding el-a915ef0f\"><div class=\"vce-features vce-var-icon vce-features--style-none vce-features--size-large\" style=\"--iconAlignment: center; --iconColor: rgb(13, 30, 227); --iconColorHover: rgb(13, 30, 227); --shapeColor: #3cb878; --shapeColorHover: #3cb878; --linkColorHover: #36a56b;\"><div id=\"el-35aa8eee\" class=\"vce vce-features-icon-wrapper\" data-vce-do-apply=\"all el-35aa8eee\"><div class=\"vce-features--icon vce-icon\"><svg xmlns=\"https:\/\/www.w3.org\/2000\/svg\" viewBox=\"0 0 769 769\"><path stroke-width=\"25\" d=\"M565.755 696.27h-360l-180-311.77 180-311.77h360l180 311.77z\"><\/path><\/svg><span class=\"vce-icon-container fas fa-leaf\"><\/span><\/div><\/div><\/div><div class=\"vce-text-block\"><div class=\"vce-text-block-wrapper vce\" id=\"el-ebbe6cd9\" data-vce-do-apply=\"all el-ebbe6cd9\"><div class=\" one-quarter\"><div class=\"w-iconbox iconpos_top size_medium style_default color_primary\"><h4 class=\"w-iconbox-title\" style=\"text-align: center;\">Cuida medio ambiente<\/h4><div class=\"w-iconbox-text\" style=\"text-align: center;\">Las energ\u00edas renovables son limpias, gratu\u00edtas e inagotables.<\/div><\/div><\/div><\/div><\/div><\/div><\/div><\/div><\/div><\/div><\/div>\n","protected":false},"excerpt":{"rendered":"<p>Energ\u00eda solar t\u00e9rmica en SevillaLa energ\u00eda solar t\u00e9rmica funciona como si de una manguera negra colocada al sol se tratase. La superficie de la manguera absorber\u00eda la luz solar, especialmente la radiaci\u00f3n de calor, calentando el agua de su interior. La energ\u00eda solar t\u00e9rmica funciona de manera muy similar:El colector absorbe la luz solar calentando [&hellip;]<\/p>\n","protected":false},"author":1,"featured_media":0,"parent":0,"menu_order":0,"comment_status":"closed","ping_status":"closed","template":"","meta":{"footnotes":""},"class_list":["post-47","page","type-page","status-publish","hentry"],"yoast_head":"<!-- This site is optimized with the Yoast SEO plugin v26.1.1 - https:\/\/yoast.com\/wordpress\/plugins\/seo\/ -->\n<title>Energ\u00eda solar t\u00e9rmica - Manrepse<\/title>\n<meta name=\"description\" content=\"Energ\u00eda solar t\u00e9rmica en Sevilla. Sistema de energ\u00eda solar t\u00e9rmica. La energ\u00eda necesaria para satisfacer las necesidades de agua caliente.\" \/>\n<meta name=\"robots\" content=\"index, follow, max-snippet:-1, max-image-preview:large, max-video-preview:-1\" \/>\n<link rel=\"canonical\" href=\"http:\/\/manrepse.es\/index.php\/energia-solar-termica\/\" \/>\n<meta property=\"og:locale\" content=\"es_ES\" \/>\n<meta property=\"og:type\" content=\"article\" \/>\n<meta property=\"og:title\" content=\"Energ\u00eda solar t\u00e9rmica - Manrepse\" \/>\n<meta property=\"og:description\" content=\"Energ\u00eda solar t\u00e9rmica en Sevilla. Sistema de energ\u00eda solar t\u00e9rmica. La energ\u00eda necesaria para satisfacer las necesidades de agua caliente.\" \/>\n<meta property=\"og:url\" content=\"http:\/\/manrepse.es\/index.php\/energia-solar-termica\/\" \/>\n<meta property=\"og:site_name\" content=\"Manrepse\" \/>\n<meta property=\"article:modified_time\" content=\"2025-03-20T14:44:57+00:00\" \/>\n<meta name=\"twitter:card\" content=\"summary_large_image\" \/>\n<meta name=\"twitter:label1\" content=\"Tiempo de lectura\" \/>\n\t<meta name=\"twitter:data1\" content=\"2 minutos\" \/>\n<script type=\"application\/ld+json\" class=\"yoast-schema-graph\">{\"@context\":\"https:\/\/schema.org\",\"@graph\":[{\"@type\":\"WebPage\",\"@id\":\"http:\/\/manrepse.es\/index.php\/energia-solar-termica\/\",\"url\":\"http:\/\/manrepse.es\/index.php\/energia-solar-termica\/\",\"name\":\"Energ\u00eda solar t\u00e9rmica - Manrepse\",\"isPartOf\":{\"@id\":\"http:\/\/manrepse.es\/#website\"},\"datePublished\":\"2024-09-24T12:09:43+00:00\",\"dateModified\":\"2025-03-20T14:44:57+00:00\",\"description\":\"Energ\u00eda solar t\u00e9rmica en Sevilla. Sistema de energ\u00eda solar t\u00e9rmica. La energ\u00eda necesaria para satisfacer las necesidades de agua caliente.\",\"breadcrumb\":{\"@id\":\"http:\/\/manrepse.es\/index.php\/energia-solar-termica\/#breadcrumb\"},\"inLanguage\":\"es\",\"potentialAction\":[{\"@type\":\"ReadAction\",\"target\":[\"http:\/\/manrepse.es\/index.php\/energia-solar-termica\/\"]}]},{\"@type\":\"BreadcrumbList\",\"@id\":\"http:\/\/manrepse.es\/index.php\/energia-solar-termica\/#breadcrumb\",\"itemListElement\":[{\"@type\":\"ListItem\",\"position\":1,\"name\":\"Portada\",\"item\":\"https:\/\/manrepse.es\/\"},{\"@type\":\"ListItem\",\"position\":2,\"name\":\"Energ\u00eda solar t\u00e9rmica\"}]},{\"@type\":\"WebSite\",\"@id\":\"http:\/\/manrepse.es\/#website\",\"url\":\"http:\/\/manrepse.es\/\",\"name\":\"Manrepse\",\"description\":\"Manrepse\",\"publisher\":{\"@id\":\"http:\/\/manrepse.es\/#organization\"},\"potentialAction\":[{\"@type\":\"SearchAction\",\"target\":{\"@type\":\"EntryPoint\",\"urlTemplate\":\"http:\/\/manrepse.es\/?s={search_term_string}\"},\"query-input\":{\"@type\":\"PropertyValueSpecification\",\"valueRequired\":true,\"valueName\":\"search_term_string\"}}],\"inLanguage\":\"es\"},{\"@type\":\"Organization\",\"@id\":\"http:\/\/manrepse.es\/#organization\",\"name\":\"Manrepse\",\"url\":\"http:\/\/manrepse.es\/\",\"logo\":{\"@type\":\"ImageObject\",\"inLanguage\":\"es\",\"@id\":\"http:\/\/manrepse.es\/#\/schema\/logo\/image\/\",\"url\":\"http:\/\/manrepse.es\/wp-content\/uploads\/2024\/09\/logo-copia.jpg\",\"contentUrl\":\"http:\/\/manrepse.es\/wp-content\/uploads\/2024\/09\/logo-copia.jpg\",\"width\":303,\"height\":85,\"caption\":\"Manrepse\"},\"image\":{\"@id\":\"http:\/\/manrepse.es\/#\/schema\/logo\/image\/\"}}]}<\/script>\n<!-- \/ Yoast SEO plugin. -->","yoast_head_json":{"title":"Energ\u00eda solar t\u00e9rmica - Manrepse","description":"Energ\u00eda solar t\u00e9rmica en Sevilla. Sistema de energ\u00eda solar t\u00e9rmica. La energ\u00eda necesaria para satisfacer las necesidades de agua caliente.","robots":{"index":"index","follow":"follow","max-snippet":"max-snippet:-1","max-image-preview":"max-image-preview:large","max-video-preview":"max-video-preview:-1"},"canonical":"http:\/\/manrepse.es\/index.php\/energia-solar-termica\/","og_locale":"es_ES","og_type":"article","og_title":"Energ\u00eda solar t\u00e9rmica - Manrepse","og_description":"Energ\u00eda solar t\u00e9rmica en Sevilla. Sistema de energ\u00eda solar t\u00e9rmica. La energ\u00eda necesaria para satisfacer las necesidades de agua caliente.","og_url":"http:\/\/manrepse.es\/index.php\/energia-solar-termica\/","og_site_name":"Manrepse","article_modified_time":"2025-03-20T14:44:57+00:00","twitter_card":"summary_large_image","twitter_misc":{"Tiempo de lectura":"2 minutos"},"schema":{"@context":"https:\/\/schema.org","@graph":[{"@type":"WebPage","@id":"http:\/\/manrepse.es\/index.php\/energia-solar-termica\/","url":"http:\/\/manrepse.es\/index.php\/energia-solar-termica\/","name":"Energ\u00eda solar t\u00e9rmica - Manrepse","isPartOf":{"@id":"http:\/\/manrepse.es\/#website"},"datePublished":"2024-09-24T12:09:43+00:00","dateModified":"2025-03-20T14:44:57+00:00","description":"Energ\u00eda solar t\u00e9rmica en Sevilla. Sistema de energ\u00eda solar t\u00e9rmica. La energ\u00eda necesaria para satisfacer las necesidades de agua caliente.","breadcrumb":{"@id":"http:\/\/manrepse.es\/index.php\/energia-solar-termica\/#breadcrumb"},"inLanguage":"es","potentialAction":[{"@type":"ReadAction","target":["http:\/\/manrepse.es\/index.php\/energia-solar-termica\/"]}]},{"@type":"BreadcrumbList","@id":"http:\/\/manrepse.es\/index.php\/energia-solar-termica\/#breadcrumb","itemListElement":[{"@type":"ListItem","position":1,"name":"Portada","item":"https:\/\/manrepse.es\/"},{"@type":"ListItem","position":2,"name":"Energ\u00eda solar t\u00e9rmica"}]},{"@type":"WebSite","@id":"http:\/\/manrepse.es\/#website","url":"http:\/\/manrepse.es\/","name":"Manrepse","description":"Manrepse","publisher":{"@id":"http:\/\/manrepse.es\/#organization"},"potentialAction":[{"@type":"SearchAction","target":{"@type":"EntryPoint","urlTemplate":"http:\/\/manrepse.es\/?s={search_term_string}"},"query-input":{"@type":"PropertyValueSpecification","valueRequired":true,"valueName":"search_term_string"}}],"inLanguage":"es"},{"@type":"Organization","@id":"http:\/\/manrepse.es\/#organization","name":"Manrepse","url":"http:\/\/manrepse.es\/","logo":{"@type":"ImageObject","inLanguage":"es","@id":"http:\/\/manrepse.es\/#\/schema\/logo\/image\/","url":"http:\/\/manrepse.es\/wp-content\/uploads\/2024\/09\/logo-copia.jpg","contentUrl":"http:\/\/manrepse.es\/wp-content\/uploads\/2024\/09\/logo-copia.jpg","width":303,"height":85,"caption":"Manrepse"},"image":{"@id":"http:\/\/manrepse.es\/#\/schema\/logo\/image\/"}}]}},"_links":{"self":[{"href":"http:\/\/manrepse.es\/index.php\/wp-json\/wp\/v2\/pages\/47","targetHints":{"allow":["GET"]}}],"collection":[{"href":"http:\/\/manrepse.es\/index.php\/wp-json\/wp\/v2\/pages"}],"about":[{"href":"http:\/\/manrepse.es\/index.php\/wp-json\/wp\/v2\/types\/page"}],"author":[{"embeddable":true,"href":"http:\/\/manrepse.es\/index.php\/wp-json\/wp\/v2\/users\/1"}],"replies":[{"embeddable":true,"href":"http:\/\/manrepse.es\/index.php\/wp-json\/wp\/v2\/comments?post=47"}],"version-history":[{"count":3,"href":"http:\/\/manrepse.es\/index.php\/wp-json\/wp\/v2\/pages\/47\/revisions"}],"predecessor-version":[{"id":102,"href":"http:\/\/manrepse.es\/index.php\/wp-json\/wp\/v2\/pages\/47\/revisions\/102"}],"wp:attachment":[{"href":"http:\/\/manrepse.es\/index.php\/wp-json\/wp\/v2\/media?parent=47"}],"curies":[{"name":"wp","href":"https:\/\/api.w.org\/{rel}","templated":true}]}}