{"id":187,"date":"2024-09-26T13:09:12","date_gmt":"2024-09-26T11:09:12","guid":{"rendered":"http:\/\/manrepse.es\/?page_id=187"},"modified":"2024-09-26T14:06:41","modified_gmt":"2024-09-26T12:06:41","slug":"documento-de-accesibilidad","status":"publish","type":"page","link":"https:\/\/manrepse.es\/index.php\/documento-de-accesibilidad\/","title":{"rendered":"Documento de Accesibilidad"},"content":{"rendered":"<p>MANREPSE S.L se ha comprometido a hacer accesible su sitio web, de conformidad con el Real Decreto 1112\/2018, de 7 de septiembre, sobre accesibilidad de los sitios web y aplicaciones para dispositivos m\u00f3viles del sector p\u00fablico.<\/p>\n<p>La presente declaraci\u00f3n de accesibilidad se aplica al sitio web <a href=\"https:\/\/manrepse.es\/\">manrepse.es<\/a>:<\/p>\n<h4>Situaci\u00f3n de cumplimiento<\/h4>\n<p>Este sitio web es parcialmente conforme con el RD 1112\/2018 debido a las excepciones y a la falta de conformidad de los aspectos que se indican en el siguiente punto.<\/p>\n<h4>Contenido no accesible<\/h4>\n<p>El contenido que se recoge a continuaci\u00f3n no es accesible por lo siguiente:<\/p>\n<h5>Falta de conformidad con el RD 1112\/2018<\/h5>\n<ul>\n<li>Podr\u00edan existir documentos ofim\u00e1ticos en PDF y otros formatos publicados posteriormente al 20 de septiembre de 2018 que no cumplan en su totalidad los requisitos de accesibilidad. Se pueden solicitar los documentos completamente accesibles desde el formulario de contacto para formalizar quejas y consultas.<\/li>\n<li>Podr\u00edan existir errores de c\u00f3digo puntuales de edici\u00f3n en alguna p\u00e1gina web. [4.1.1 Procesamiento]<\/li>\n<\/ul>\n<h5>Carga desproporcionada<\/h5>\n<p>No aplica.<\/p>\n<h5>El contenido no entra dentro del \u00e1mbito de la legislaci\u00f3n aplicable<\/h5>\n<ul>\n<li>Podr\u00edan existir archivos ofim\u00e1ticos en PDF u otros formatos publicados antes del 20 de septiembre de 2018 que no cumplan en su totalidad todos los requisitos de accesibilidad. Aunque se ha procurado que la mayor\u00eda de ellos s\u00ed lo cumplan.<\/li>\n<\/ul>\n<h4>Preparaci\u00f3n para la siguiente declaraci\u00f3n de accesibilidad<\/h4>\n<p>La presente declaraci\u00f3n fue preparada el 28 de junio de 2021.<\/p>\n<p>El m\u00e9todo empleado para preparar la declaraci\u00f3n ha sido una autoevaluaci\u00f3n llevada a cabo por el propio organismo.<\/p>\n<h4>Observaciones y datos de contacto<\/h4>\n<p>Puede realizar comunicaciones sobre requisitos de accesibilidad (art\u00edculo 10.2.a del RD 1112\/2018) como, por ejemplo:<\/p>\n<ul>\n<li>Informar sobre cualquier posible incumplimiento por parte de este sitio web<\/li>\n<li>Transmitir otras dificultades de acceso al contenido<\/li>\n<li>Formular cualquier otra consulta o sugerencia de mejora relativa a la accesibilidad del sitio web<\/li>\n<\/ul>\n<p>A trav\u00e9s del <a href=\"https:\/\/manrepse.es\/contacto\"> formulario de contacto<\/a> de este sitio web o a trav\u00e9s del n\u00famero de tel\u00e9fono <a href=\"tel:954333888\"> 954333888<\/a>.<\/p>\n<p>Puede presentar:<\/p>\n<ul>\n<li>Queja relativa al cumplimiento de los requisitos del RD 1112\/2018 o<\/li>\n<li>Solicitud de Informaci\u00f3n accesible relativa a:\n<ul>\n<li>Contenidos que est\u00e1n excluidos del \u00e1mbito de aplicaci\u00f3n del RD 1112\/2018 seg\u00fan lo establecido por el art\u00edculo 3, apartado 4<\/li>\n<li>Contenidos que est\u00e1n exentos del cumplimiento de los requisitos de accesibilidad por imponer una carga desproporcionada<\/li>\n<\/ul>\n<\/li>\n<\/ul>\n<p>En la Solicitud de informaci\u00f3n accesible, se debe concretar, con toda claridad, los hechos, razones y petici\u00f3n que permitan constatar que se trata de una solicitud razonable y leg\u00edtima.<\/p>\n<p>Las quejas y reclamaciones sobre informaci\u00f3n accesible se realizar\u00e1n a trav\u00e9s del e-mail <a href=\"mailto:manrepse@manrepse.es\">manrepse@manrepse.es<\/a> y ser\u00e1n recibidas y tratadas por el \u00e1rea de Sistemas de la Informaci\u00f3n Calzados Laboral Online.<\/p>\n<h4>Contenido opcional<\/h4>\n<p>Este portal est\u00e1 dise\u00f1ado para poder cambiar el tama\u00f1o del texto y el color, as\u00ed como el fondo de la p\u00e1gina mediante las opciones de configuraci\u00f3n est\u00e1ndar de los navegadores.<\/p>\n<p>Si desea cambiar el tama\u00f1o de letra del texto en los principales navegadores gr\u00e1ficos utilice los siguientes men\u00fas:<\/p>\n<ul>\n<li>Internet Explorer, Mozilla y Firefox: Ver > Tama\u00f1o del texto<\/li>\n<li>Opera: Ver > Zoom<\/li>\n<li>Safari: Ver > Hacer el texto m\u00e1s grande<\/li>\n<li>Chrome: Controla la p\u00e1gina actual > Tama\u00f1o del texto<\/li>\n<li>Para modificar el tama\u00f1o de todo en la p\u00e1gina:\n<ul>\n<li>\u00abCtrl\u00bb + \u00ab+\u00bb para aumentarlo<\/li>\n<li>\u00abCtrl\u00bb + \u00ab-\u00bb para disminuirlo<\/li>\n<li>\u00abCtrl\u00bb + \u00ab0\u00bb restaura el tama\u00f1o original del texto<\/li>\n<\/ul>\n<\/li>\n<\/ul>\n<p>Si lo que quiere es anular la hoja de estilos o modificar el color del texto, puede consultar la p\u00e1gina <a href=\"https:\/\/www.w3.org\/WAI\/changedesign\" target=\"_blank\" rel=\"noopener\">How to Change Text Size or Colors<\/a> de la WAI, que se puede leer traducida al espa\u00f1ol en <a href=\"https:\/\/www.w3.org\/WAI\/changedesign\/es\" target=\"_blank\" rel=\"noopener\">\u00bfC\u00f3mo cambiar el tama\u00f1o del texto o colores?<\/a><\/p>\n","protected":false},"excerpt":{"rendered":"<p>MANREPSE S.L se ha comprometido a hacer accesible su sitio web, de conformidad con el Real Decreto 1112\/2018, de 7 de septiembre, sobre accesibilidad de los sitios web y aplicaciones para dispositivos m\u00f3viles del sector p\u00fablico. La presente declaraci\u00f3n de accesibilidad se aplica al sitio web manrepse.es: Situaci\u00f3n de cumplimiento Este sitio web es parcialmente [&hellip;]<\/p>\n","protected":false},"author":1,"featured_media":0,"parent":0,"menu_order":0,"comment_status":"closed","ping_status":"closed","template":"","meta":{"footnotes":""},"class_list":["post-187","page","type-page","status-publish","hentry"],"yoast_head":"<!-- This site is optimized with the Yoast SEO plugin v26.1.1 - https:\/\/yoast.com\/wordpress\/plugins\/seo\/ -->\n<title>Documento de Accesibilidad - Manrepse<\/title>\n<meta name=\"robots\" content=\"index, follow, max-snippet:-1, max-image-preview:large, max-video-preview:-1\" \/>\n<link rel=\"canonical\" href=\"https:\/\/manrepse.es\/index.php\/documento-de-accesibilidad\/\" \/>\n<meta property=\"og:locale\" content=\"es_ES\" \/>\n<meta property=\"og:type\" content=\"article\" \/>\n<meta property=\"og:title\" content=\"Documento de Accesibilidad - Manrepse\" \/>\n<meta property=\"og:description\" content=\"MANREPSE S.L se ha comprometido a hacer accesible su sitio web, de conformidad con el Real Decreto 1112\/2018, de 7 de septiembre, sobre accesibilidad de los sitios web y aplicaciones para dispositivos m\u00f3viles del sector p\u00fablico. La presente declaraci\u00f3n de accesibilidad se aplica al sitio web manrepse.es: Situaci\u00f3n de cumplimiento Este sitio web es parcialmente [&hellip;]\" \/>\n<meta property=\"og:url\" content=\"https:\/\/manrepse.es\/index.php\/documento-de-accesibilidad\/\" \/>\n<meta property=\"og:site_name\" content=\"Manrepse\" \/>\n<meta property=\"article:modified_time\" content=\"2024-09-26T12:06:41+00:00\" \/>\n<meta name=\"twitter:card\" content=\"summary_large_image\" \/>\n<meta name=\"twitter:label1\" content=\"Tiempo de lectura\" \/>\n\t<meta name=\"twitter:data1\" content=\"3 minutos\" \/>\n<script type=\"application\/ld+json\" class=\"yoast-schema-graph\">{\"@context\":\"https:\/\/schema.org\",\"@graph\":[{\"@type\":\"WebPage\",\"@id\":\"https:\/\/manrepse.es\/index.php\/documento-de-accesibilidad\/\",\"url\":\"https:\/\/manrepse.es\/index.php\/documento-de-accesibilidad\/\",\"name\":\"Documento de Accesibilidad - Manrepse\",\"isPartOf\":{\"@id\":\"http:\/\/manrepse.es\/#website\"},\"datePublished\":\"2024-09-26T11:09:12+00:00\",\"dateModified\":\"2024-09-26T12:06:41+00:00\",\"breadcrumb\":{\"@id\":\"https:\/\/manrepse.es\/index.php\/documento-de-accesibilidad\/#breadcrumb\"},\"inLanguage\":\"es\",\"potentialAction\":[{\"@type\":\"ReadAction\",\"target\":[\"https:\/\/manrepse.es\/index.php\/documento-de-accesibilidad\/\"]}]},{\"@type\":\"BreadcrumbList\",\"@id\":\"https:\/\/manrepse.es\/index.php\/documento-de-accesibilidad\/#breadcrumb\",\"itemListElement\":[{\"@type\":\"ListItem\",\"position\":1,\"name\":\"Portada\",\"item\":\"https:\/\/manrepse.es\/\"},{\"@type\":\"ListItem\",\"position\":2,\"name\":\"Documento de Accesibilidad\"}]},{\"@type\":\"WebSite\",\"@id\":\"http:\/\/manrepse.es\/#website\",\"url\":\"http:\/\/manrepse.es\/\",\"name\":\"Manrepse\",\"description\":\"Manrepse\",\"publisher\":{\"@id\":\"http:\/\/manrepse.es\/#organization\"},\"potentialAction\":[{\"@type\":\"SearchAction\",\"target\":{\"@type\":\"EntryPoint\",\"urlTemplate\":\"http:\/\/manrepse.es\/?s={search_term_string}\"},\"query-input\":{\"@type\":\"PropertyValueSpecification\",\"valueRequired\":true,\"valueName\":\"search_term_string\"}}],\"inLanguage\":\"es\"},{\"@type\":\"Organization\",\"@id\":\"http:\/\/manrepse.es\/#organization\",\"name\":\"Manrepse\",\"url\":\"http:\/\/manrepse.es\/\",\"logo\":{\"@type\":\"ImageObject\",\"inLanguage\":\"es\",\"@id\":\"http:\/\/manrepse.es\/#\/schema\/logo\/image\/\",\"url\":\"https:\/\/manrepse.es\/wp-content\/uploads\/2024\/09\/logo-copia.jpg\",\"contentUrl\":\"https:\/\/manrepse.es\/wp-content\/uploads\/2024\/09\/logo-copia.jpg\",\"width\":303,\"height\":85,\"caption\":\"Manrepse\"},\"image\":{\"@id\":\"http:\/\/manrepse.es\/#\/schema\/logo\/image\/\"}}]}<\/script>\n<!-- \/ Yoast SEO plugin. -->","yoast_head_json":{"title":"Documento de Accesibilidad - Manrepse","robots":{"index":"index","follow":"follow","max-snippet":"max-snippet:-1","max-image-preview":"max-image-preview:large","max-video-preview":"max-video-preview:-1"},"canonical":"https:\/\/manrepse.es\/index.php\/documento-de-accesibilidad\/","og_locale":"es_ES","og_type":"article","og_title":"Documento de Accesibilidad - Manrepse","og_description":"MANREPSE S.L se ha comprometido a hacer accesible su sitio web, de conformidad con el Real Decreto 1112\/2018, de 7 de septiembre, sobre accesibilidad de los sitios web y aplicaciones para dispositivos m\u00f3viles del sector p\u00fablico. La presente declaraci\u00f3n de accesibilidad se aplica al sitio web manrepse.es: Situaci\u00f3n de cumplimiento Este sitio web es parcialmente [&hellip;]","og_url":"https:\/\/manrepse.es\/index.php\/documento-de-accesibilidad\/","og_site_name":"Manrepse","article_modified_time":"2024-09-26T12:06:41+00:00","twitter_card":"summary_large_image","twitter_misc":{"Tiempo de lectura":"3 minutos"},"schema":{"@context":"https:\/\/schema.org","@graph":[{"@type":"WebPage","@id":"https:\/\/manrepse.es\/index.php\/documento-de-accesibilidad\/","url":"https:\/\/manrepse.es\/index.php\/documento-de-accesibilidad\/","name":"Documento de Accesibilidad - Manrepse","isPartOf":{"@id":"http:\/\/manrepse.es\/#website"},"datePublished":"2024-09-26T11:09:12+00:00","dateModified":"2024-09-26T12:06:41+00:00","breadcrumb":{"@id":"https:\/\/manrepse.es\/index.php\/documento-de-accesibilidad\/#breadcrumb"},"inLanguage":"es","potentialAction":[{"@type":"ReadAction","target":["https:\/\/manrepse.es\/index.php\/documento-de-accesibilidad\/"]}]},{"@type":"BreadcrumbList","@id":"https:\/\/manrepse.es\/index.php\/documento-de-accesibilidad\/#breadcrumb","itemListElement":[{"@type":"ListItem","position":1,"name":"Portada","item":"https:\/\/manrepse.es\/"},{"@type":"ListItem","position":2,"name":"Documento de Accesibilidad"}]},{"@type":"WebSite","@id":"http:\/\/manrepse.es\/#website","url":"http:\/\/manrepse.es\/","name":"Manrepse","description":"Manrepse","publisher":{"@id":"http:\/\/manrepse.es\/#organization"},"potentialAction":[{"@type":"SearchAction","target":{"@type":"EntryPoint","urlTemplate":"http:\/\/manrepse.es\/?s={search_term_string}"},"query-input":{"@type":"PropertyValueSpecification","valueRequired":true,"valueName":"search_term_string"}}],"inLanguage":"es"},{"@type":"Organization","@id":"http:\/\/manrepse.es\/#organization","name":"Manrepse","url":"http:\/\/manrepse.es\/","logo":{"@type":"ImageObject","inLanguage":"es","@id":"http:\/\/manrepse.es\/#\/schema\/logo\/image\/","url":"https:\/\/manrepse.es\/wp-content\/uploads\/2024\/09\/logo-copia.jpg","contentUrl":"https:\/\/manrepse.es\/wp-content\/uploads\/2024\/09\/logo-copia.jpg","width":303,"height":85,"caption":"Manrepse"},"image":{"@id":"http:\/\/manrepse.es\/#\/schema\/logo\/image\/"}}]}},"_links":{"self":[{"href":"https:\/\/manrepse.es\/index.php\/wp-json\/wp\/v2\/pages\/187","targetHints":{"allow":["GET"]}}],"collection":[{"href":"https:\/\/manrepse.es\/index.php\/wp-json\/wp\/v2\/pages"}],"about":[{"href":"https:\/\/manrepse.es\/index.php\/wp-json\/wp\/v2\/types\/page"}],"author":[{"embeddable":true,"href":"https:\/\/manrepse.es\/index.php\/wp-json\/wp\/v2\/users\/1"}],"replies":[{"embeddable":true,"href":"https:\/\/manrepse.es\/index.php\/wp-json\/wp\/v2\/comments?post=187"}],"version-history":[{"count":3,"href":"https:\/\/manrepse.es\/index.php\/wp-json\/wp\/v2\/pages\/187\/revisions"}],"predecessor-version":[{"id":191,"href":"https:\/\/manrepse.es\/index.php\/wp-json\/wp\/v2\/pages\/187\/revisions\/191"}],"wp:attachment":[{"href":"https:\/\/manrepse.es\/index.php\/wp-json\/wp\/v2\/media?parent=187"}],"curies":[{"name":"wp","href":"https:\/\/api.w.org\/{rel}","templated":true}]}}