{"id":43,"date":"2024-09-24T14:09:06","date_gmt":"2024-09-24T12:09:06","guid":{"rendered":"http:\/\/manrepse.es\/?page_id=43"},"modified":"2025-03-20T15:40:37","modified_gmt":"2025-03-20T14:40:37","slug":"agua-caliente-sanitaria-acs","status":"publish","type":"page","link":"https:\/\/manrepse.es\/index.php\/agua-caliente-sanitaria-acs\/","title":{"rendered":"Agua caliente sanitaria ACS"},"content":{"rendered":"<div class=\"vce-row-container\" data-vce-boxed-width=\"true\"><div class=\"vce-row vce-row--col-gap-30 vce-row-equal-height vce-row-content--top\" id=\"el-d6332758\" data-vce-do-apply=\"all el-d6332758\"><div class=\"vce-row-content\" data-vce-element-content=\"true\"><div class=\"vce-col vce-col--md-auto vce-col--xs-1 vce-col--xs-last vce-col--xs-first vce-col--sm-last vce-col--sm-first vce-col--md-first vce-col--lg-first vce-col--xl-first\" id=\"el-d293d841\"><div class=\"vce-col-inner\" data-vce-do-apply=\"border margin background  el-d293d841\"><div class=\"vce-col-content\" data-vce-element-content=\"true\" data-vce-do-apply=\"padding el-d293d841\"><div class=\"vce-text-block\"><div class=\"vce-text-block-wrapper vce\" id=\"el-d7756101\" data-vce-do-apply=\"all el-d7756101\"><h2>Agua caliente sanitaria en Sevilla<\/h2><p>Somos expertos en instalaci\u00f3n, mantenimiento y reparaci\u00f3n de todo tipo de acumuladores para agua caliente sanitaria de cualquier edificio.<\/p><p>En las instalaciones para ACS o Agua Caliente Sanitaria efectuamos trabajos como:<\/p><ul><li>Instalaci\u00f3n reparaci\u00f3n de calentadores de tiro natural y tiro forzado<\/li><li>Calentadores de gas estancos<\/li><li>Calentadores el\u00e9ctricos instant\u00e1neos<\/li><li>Termos el\u00e9ctricos<\/li><li>Protecci\u00f3n de acumuladores nuevos a partir de 750 litros ofreciendo garant\u00eda contra la corrosi\u00f3n<\/li><li>Protecci\u00f3n de acumuladores existentes a partir de 750 litros, tanto si se han iniciado ataques contra la corrosi\u00f3n como si no los han sufrido<\/li><li>Limpieza y desinfecci\u00f3n de grandes acumuladores seg\u00fan Real Decreto 865\/2003<\/li><li>Instalaci\u00f3n de Acumuladores de Agua a Gas de cualquier capacidad<\/li><li>Instalaci\u00f3n de bombas de gas<\/li><\/ul><\/div><\/div><\/div><\/div><\/div><div class=\"vce-col vce-col--md-auto vce-col--xs-1 vce-col--xs-last vce-col--xs-first vce-col--sm-last vce-col--sm-first vce-col--md-last vce-col--lg-last vce-col--xl-last\" id=\"el-9a914f11\"><div class=\"vce-col-inner\" data-vce-do-apply=\"border margin background  el-9a914f11\"><div class=\"vce-col-content\" data-vce-element-content=\"true\" data-vce-do-apply=\"padding el-9a914f11\"><div class=\"vce-single-image-container vce-single-image--align-left\"><div class=\"vce vce-single-image-wrapper\" id=\"el-870fb360\" data-vce-do-apply=\"all el-870fb360\"><figure><div class=\"vce-single-image-figure-inner\" style=\"width: 380px;\"><div class=\"vce-single-image-inner vce-single-image--absolute\" style=\"width: 100%; padding-bottom: 162.632%;\"><img loading=\"lazy\" decoding=\"async\" class=\"vce-single-image\"  width=\"380\" height=\"618\" srcset=\"https:\/\/manrepse.es\/wp-content\/uploads\/2024\/09\/agua-caliente-sanitaria-320x520.png 320w, https:\/\/manrepse.es\/wp-content\/uploads\/2024\/09\/agua-caliente-sanitaria-380x618.png 380w\" src=\"https:\/\/manrepse.es\/wp-content\/uploads\/2024\/09\/agua-caliente-sanitaria-380x618.png\" data-img-src=\"https:\/\/manrepse.es\/wp-content\/uploads\/2024\/09\/agua-caliente-sanitaria.png\" data-attachment-id=\"81\"  alt=\"\" title=\"agua-caliente-sanitaria\" \/><\/div><\/div><figcaption hidden=\"\"><\/figcaption><\/figure><\/div><\/div><\/div><\/div><\/div><\/div><\/div><\/div>\n","protected":false},"excerpt":{"rendered":"<p>Agua caliente sanitaria en SevillaSomos expertos en instalaci\u00f3n, mantenimiento y reparaci\u00f3n de todo tipo de acumuladores para agua caliente sanitaria de cualquier edificio.En las instalaciones para ACS o Agua Caliente Sanitaria efectuamos trabajos como:Instalaci\u00f3n reparaci\u00f3n de calentadores de tiro natural y tiro forzadoCalentadores de gas estancosCalentadores el\u00e9ctricos instant\u00e1neosTermos el\u00e9ctricosProtecci\u00f3n de acumuladores nuevos a partir de [&hellip;]<\/p>\n","protected":false},"author":1,"featured_media":0,"parent":0,"menu_order":0,"comment_status":"closed","ping_status":"closed","template":"","meta":{"footnotes":""},"class_list":["post-43","page","type-page","status-publish","hentry"],"yoast_head":"<!-- This site is optimized with the Yoast SEO plugin v26.1.1 - https:\/\/yoast.com\/wordpress\/plugins\/seo\/ -->\n<title>Agua caliente sanitaria ACS - Manrepse<\/title>\n<meta name=\"description\" content=\"Agua caliente sanitaria ACS en Sevilla. Expertos en instalaci\u00f3n, mantenimiento y reparaci\u00f3n de todo tipo de acumuladores para agua.\" \/>\n<meta name=\"robots\" content=\"index, follow, max-snippet:-1, max-image-preview:large, max-video-preview:-1\" \/>\n<link rel=\"canonical\" href=\"http:\/\/manrepse.es\/index.php\/agua-caliente-sanitaria-acs\/\" \/>\n<meta property=\"og:locale\" content=\"es_ES\" \/>\n<meta property=\"og:type\" content=\"article\" \/>\n<meta property=\"og:title\" content=\"Agua caliente sanitaria ACS - Manrepse\" \/>\n<meta property=\"og:description\" content=\"Agua caliente sanitaria ACS en Sevilla. Expertos en instalaci\u00f3n, mantenimiento y reparaci\u00f3n de todo tipo de acumuladores para agua.\" \/>\n<meta property=\"og:url\" content=\"http:\/\/manrepse.es\/index.php\/agua-caliente-sanitaria-acs\/\" \/>\n<meta property=\"og:site_name\" content=\"Manrepse\" \/>\n<meta property=\"article:modified_time\" content=\"2025-03-20T14:40:37+00:00\" \/>\n<meta name=\"twitter:card\" content=\"summary_large_image\" \/>\n<meta name=\"twitter:label1\" content=\"Tiempo de lectura\" \/>\n\t<meta name=\"twitter:data1\" content=\"1 minuto\" \/>\n<script type=\"application\/ld+json\" class=\"yoast-schema-graph\">{\"@context\":\"https:\/\/schema.org\",\"@graph\":[{\"@type\":\"WebPage\",\"@id\":\"http:\/\/manrepse.es\/index.php\/agua-caliente-sanitaria-acs\/\",\"url\":\"http:\/\/manrepse.es\/index.php\/agua-caliente-sanitaria-acs\/\",\"name\":\"Agua caliente sanitaria ACS - Manrepse\",\"isPartOf\":{\"@id\":\"https:\/\/manrepse.es\/#website\"},\"datePublished\":\"2024-09-24T12:09:06+00:00\",\"dateModified\":\"2025-03-20T14:40:37+00:00\",\"description\":\"Agua caliente sanitaria ACS en Sevilla. Expertos en instalaci\u00f3n, mantenimiento y reparaci\u00f3n de todo tipo de acumuladores para agua.\",\"breadcrumb\":{\"@id\":\"http:\/\/manrepse.es\/index.php\/agua-caliente-sanitaria-acs\/#breadcrumb\"},\"inLanguage\":\"es\",\"potentialAction\":[{\"@type\":\"ReadAction\",\"target\":[\"http:\/\/manrepse.es\/index.php\/agua-caliente-sanitaria-acs\/\"]}]},{\"@type\":\"BreadcrumbList\",\"@id\":\"http:\/\/manrepse.es\/index.php\/agua-caliente-sanitaria-acs\/#breadcrumb\",\"itemListElement\":[{\"@type\":\"ListItem\",\"position\":1,\"name\":\"Portada\",\"item\":\"https:\/\/manrepse.es\/\"},{\"@type\":\"ListItem\",\"position\":2,\"name\":\"Agua caliente sanitaria ACS\"}]},{\"@type\":\"WebSite\",\"@id\":\"https:\/\/manrepse.es\/#website\",\"url\":\"https:\/\/manrepse.es\/\",\"name\":\"Manrepse\",\"description\":\"Manrepse\",\"publisher\":{\"@id\":\"https:\/\/manrepse.es\/#organization\"},\"potentialAction\":[{\"@type\":\"SearchAction\",\"target\":{\"@type\":\"EntryPoint\",\"urlTemplate\":\"https:\/\/manrepse.es\/?s={search_term_string}\"},\"query-input\":{\"@type\":\"PropertyValueSpecification\",\"valueRequired\":true,\"valueName\":\"search_term_string\"}}],\"inLanguage\":\"es\"},{\"@type\":\"Organization\",\"@id\":\"https:\/\/manrepse.es\/#organization\",\"name\":\"Manrepse\",\"url\":\"https:\/\/manrepse.es\/\",\"logo\":{\"@type\":\"ImageObject\",\"inLanguage\":\"es\",\"@id\":\"https:\/\/manrepse.es\/#\/schema\/logo\/image\/\",\"url\":\"https:\/\/manrepse.es\/wp-content\/uploads\/2024\/09\/logo-copia.jpg\",\"contentUrl\":\"https:\/\/manrepse.es\/wp-content\/uploads\/2024\/09\/logo-copia.jpg\",\"width\":303,\"height\":85,\"caption\":\"Manrepse\"},\"image\":{\"@id\":\"https:\/\/manrepse.es\/#\/schema\/logo\/image\/\"}}]}<\/script>\n<!-- \/ Yoast SEO plugin. -->","yoast_head_json":{"title":"Agua caliente sanitaria ACS - Manrepse","description":"Agua caliente sanitaria ACS en Sevilla. Expertos en instalaci\u00f3n, mantenimiento y reparaci\u00f3n de todo tipo de acumuladores para agua.","robots":{"index":"index","follow":"follow","max-snippet":"max-snippet:-1","max-image-preview":"max-image-preview:large","max-video-preview":"max-video-preview:-1"},"canonical":"http:\/\/manrepse.es\/index.php\/agua-caliente-sanitaria-acs\/","og_locale":"es_ES","og_type":"article","og_title":"Agua caliente sanitaria ACS - Manrepse","og_description":"Agua caliente sanitaria ACS en Sevilla. Expertos en instalaci\u00f3n, mantenimiento y reparaci\u00f3n de todo tipo de acumuladores para agua.","og_url":"http:\/\/manrepse.es\/index.php\/agua-caliente-sanitaria-acs\/","og_site_name":"Manrepse","article_modified_time":"2025-03-20T14:40:37+00:00","twitter_card":"summary_large_image","twitter_misc":{"Tiempo de lectura":"1 minuto"},"schema":{"@context":"https:\/\/schema.org","@graph":[{"@type":"WebPage","@id":"http:\/\/manrepse.es\/index.php\/agua-caliente-sanitaria-acs\/","url":"http:\/\/manrepse.es\/index.php\/agua-caliente-sanitaria-acs\/","name":"Agua caliente sanitaria ACS - Manrepse","isPartOf":{"@id":"https:\/\/manrepse.es\/#website"},"datePublished":"2024-09-24T12:09:06+00:00","dateModified":"2025-03-20T14:40:37+00:00","description":"Agua caliente sanitaria ACS en Sevilla. Expertos en instalaci\u00f3n, mantenimiento y reparaci\u00f3n de todo tipo de acumuladores para agua.","breadcrumb":{"@id":"http:\/\/manrepse.es\/index.php\/agua-caliente-sanitaria-acs\/#breadcrumb"},"inLanguage":"es","potentialAction":[{"@type":"ReadAction","target":["http:\/\/manrepse.es\/index.php\/agua-caliente-sanitaria-acs\/"]}]},{"@type":"BreadcrumbList","@id":"http:\/\/manrepse.es\/index.php\/agua-caliente-sanitaria-acs\/#breadcrumb","itemListElement":[{"@type":"ListItem","position":1,"name":"Portada","item":"https:\/\/manrepse.es\/"},{"@type":"ListItem","position":2,"name":"Agua caliente sanitaria ACS"}]},{"@type":"WebSite","@id":"https:\/\/manrepse.es\/#website","url":"https:\/\/manrepse.es\/","name":"Manrepse","description":"Manrepse","publisher":{"@id":"https:\/\/manrepse.es\/#organization"},"potentialAction":[{"@type":"SearchAction","target":{"@type":"EntryPoint","urlTemplate":"https:\/\/manrepse.es\/?s={search_term_string}"},"query-input":{"@type":"PropertyValueSpecification","valueRequired":true,"valueName":"search_term_string"}}],"inLanguage":"es"},{"@type":"Organization","@id":"https:\/\/manrepse.es\/#organization","name":"Manrepse","url":"https:\/\/manrepse.es\/","logo":{"@type":"ImageObject","inLanguage":"es","@id":"https:\/\/manrepse.es\/#\/schema\/logo\/image\/","url":"https:\/\/manrepse.es\/wp-content\/uploads\/2024\/09\/logo-copia.jpg","contentUrl":"https:\/\/manrepse.es\/wp-content\/uploads\/2024\/09\/logo-copia.jpg","width":303,"height":85,"caption":"Manrepse"},"image":{"@id":"https:\/\/manrepse.es\/#\/schema\/logo\/image\/"}}]}},"_links":{"self":[{"href":"https:\/\/manrepse.es\/index.php\/wp-json\/wp\/v2\/pages\/43","targetHints":{"allow":["GET"]}}],"collection":[{"href":"https:\/\/manrepse.es\/index.php\/wp-json\/wp\/v2\/pages"}],"about":[{"href":"https:\/\/manrepse.es\/index.php\/wp-json\/wp\/v2\/types\/page"}],"author":[{"embeddable":true,"href":"https:\/\/manrepse.es\/index.php\/wp-json\/wp\/v2\/users\/1"}],"replies":[{"embeddable":true,"href":"https:\/\/manrepse.es\/index.php\/wp-json\/wp\/v2\/comments?post=43"}],"version-history":[{"count":2,"href":"https:\/\/manrepse.es\/index.php\/wp-json\/wp\/v2\/pages\/43\/revisions"}],"predecessor-version":[{"id":82,"href":"https:\/\/manrepse.es\/index.php\/wp-json\/wp\/v2\/pages\/43\/revisions\/82"}],"wp:attachment":[{"href":"https:\/\/manrepse.es\/index.php\/wp-json\/wp\/v2\/media?parent=43"}],"curies":[{"name":"wp","href":"https:\/\/api.w.org\/{rel}","templated":true}]}}