{"id":49,"date":"2024-09-24T14:09:59","date_gmt":"2024-09-24T12:09:59","guid":{"rendered":"http:\/\/manrepse.es\/?page_id=49"},"modified":"2025-03-20T15:46:18","modified_gmt":"2025-03-20T14:46:18","slug":"fontaneria","status":"publish","type":"page","link":"https:\/\/manrepse.es\/index.php\/fontaneria\/","title":{"rendered":"Fontaner\u00eda"},"content":{"rendered":"<div class=\"vce-row-container\" data-vce-boxed-width=\"true\"><div class=\"vce-row vce-row--col-gap-30 vce-row-equal-height vce-row-content--top\" id=\"el-7b1c9661\" data-vce-do-apply=\"all el-7b1c9661\"><div class=\"vce-row-content\" data-vce-element-content=\"true\"><div class=\"vce-col vce-col--md-auto vce-col--xs-1 vce-col--xs-last vce-col--xs-first vce-col--sm-last vce-col--sm-first vce-col--md-first vce-col--lg-first vce-col--xl-first\" id=\"el-39e5400b\"><div class=\"vce-col-inner\" data-vce-do-apply=\"border margin background  el-39e5400b\"><div class=\"vce-col-content\" data-vce-element-content=\"true\" data-vce-do-apply=\"padding el-39e5400b\"><div class=\"vce-text-block\"><div class=\"vce-text-block-wrapper vce\" id=\"el-c965019e\" data-vce-do-apply=\"all el-c965019e\"><div class=\" one-half\"><div class=\"wpb_text_column \"><div class=\"wpb_wrapper\"><h2>Mantenimiento de grupos de presi\u00f3n para comunidades de vecinos y edificios<\/h2><p>A continuaci\u00f3n exponemos los trabajos que realizamos en cualquier visita antes de presentar el presupuesto, y una vez aceptado, todos los trabajos que se realizan de mantenimiento en los grupos mensualmente.<\/p><p>Mantenimiento de grupos de presi\u00f3n:<\/p><ul><li><strong>General<\/strong>: comprobaci\u00f3n visual de la instalaci\u00f3n por si se detectaran fugas<\/li><li><strong>Cuadro el\u00e9ctrico<\/strong>: comprobamos el funcionamiento del mismo, la protecci\u00f3n de autom\u00e1ticos, regulaci\u00f3n de t\u00e9rmicos, reloj de la electrov\u00e1lvula de by-pass y conmutaci\u00f3n de motores, revisamos tambi\u00e9n todos los contadores y torniller\u00eda.<\/li><li><strong>Calder\u00edn de presi\u00f3n<\/strong>: comprobamos siempre la presi\u00f3n de aire que hay en el interior de la membrana.<\/li><li><strong>Electro bombas<\/strong>: comprobaci\u00f3n de todas las posibles fugas, el ruido que este producido por los rodamientos y la fase hidr\u00e1ulica, el buen estado de las llaves y el cierre de las v\u00e1lvulas.<\/li><li><strong>Electrov\u00e1lvula de by-pass<\/strong>: accionamos manualmete el reloj para provocar el cierre de la electrov\u00e1lvula y comprobar as\u00ed si se produce la renovaci\u00f3n del agua en los dep\u00f3sitos.<\/li><li><strong>Presostatos<\/strong>: se comprueba la regulaci\u00f3n de m\u00e1xima y m\u00ednima.<\/li><li><strong>Deposito acumulador<\/strong>: se comprueba que el elemento de llenado cierre perfectamente al igual que el interior del deposito.<\/li><\/ul><\/div><\/div><\/div><\/div><\/div><\/div><\/div><\/div><div class=\"vce-col vce-col--md-auto vce-col--xs-1 vce-col--xs-last vce-col--xs-first vce-col--sm-last vce-col--sm-first vce-col--md-last vce-col--lg-last vce-col--xl-last\" id=\"el-5e4969c1\"><div class=\"vce-col-inner\" data-vce-do-apply=\"border margin background  el-5e4969c1\"><div class=\"vce-col-content\" data-vce-element-content=\"true\" data-vce-do-apply=\"padding el-5e4969c1\"><div class=\"vce-text-block\"><div class=\"vce-text-block-wrapper vce\" id=\"el-f4877354\" data-vce-do-apply=\"all el-f4877354\"><h2>Contadores divisionarios de agua<\/h2><p>Los <strong>contadores divisionarios<\/strong> se instalan en las acometidas de entrada a cada vivienda para controlar los consumos individuales de cada cliente. Sirven para repartir de forma equitativa entre todos los vecinos el coste de la factura de la compa\u00f1\u00eda de aguas cuando existe una acometida \u00fanica de suministro para todo el edificio o vivienda.<\/p><p>Manrepse le aconseja en cada caso la soluci\u00f3n m\u00e1s adecuada a sus necesidades y se encarga de la instalaci\u00f3n del contador, su correcto funcionamiento, la recogida peri\u00f3dica de los datos de lectura y de la emisi\u00f3n de las facturas con los consumos realizados en cada vivienda para presentarlos directamente en el banco o incorporarlos al recibo de comunidad de vecinos<\/p><\/div><\/div><div class=\"vce-single-image-container vce-single-image--align-left\"><div class=\"vce vce-single-image-wrapper\" id=\"el-612c3132\" data-vce-do-apply=\"all el-612c3132\"><figure><div class=\"vce-single-image-figure-inner\" style=\"width: 512px;\"><div class=\"vce-single-image-inner vce-single-image--absolute\" style=\"width: 100%; padding-bottom: 41.6016%;\"><img loading=\"lazy\" decoding=\"async\" class=\"vce-single-image\"  width=\"512\" height=\"213\" srcset=\"https:\/\/manrepse.es\/wp-content\/uploads\/2024\/09\/contadores-320x133.png 320w, https:\/\/manrepse.es\/wp-content\/uploads\/2024\/09\/contadores-480x200.png 480w, https:\/\/manrepse.es\/wp-content\/uploads\/2024\/09\/contadores-512x213.png 512w\" src=\"https:\/\/manrepse.es\/wp-content\/uploads\/2024\/09\/contadores-512x213.png\" data-img-src=\"https:\/\/manrepse.es\/wp-content\/uploads\/2024\/09\/contadores.png\" data-attachment-id=\"104\"  alt=\"\" title=\"contadores\" \/><\/div><\/div><figcaption hidden=\"\"><\/figcaption><\/figure><\/div><\/div><\/div><\/div><\/div><\/div><\/div><\/div><div class=\"vce-row-container\" data-vce-boxed-width=\"true\"><div class=\"vce-row vce-row--col-gap-30 vce-row-equal-height vce-row-content--top\" id=\"el-acb45fc0\" data-vce-do-apply=\"all el-acb45fc0\"><div class=\"vce-row-content\" data-vce-element-content=\"true\"><div class=\"vce-col vce-col--md-auto vce-col--xs-1 vce-col--xs-last vce-col--xs-first vce-col--sm-last vce-col--sm-first vce-col--md-last vce-col--lg-last vce-col--xl-last vce-col--md-first vce-col--lg-first vce-col--xl-first\" id=\"el-7035fa56\"><div class=\"vce-col-inner\" data-vce-do-apply=\"border margin background  el-7035fa56\"><div class=\"vce-col-content\" data-vce-element-content=\"true\" data-vce-do-apply=\"padding el-7035fa56\"><div class=\"vce-text-block\"><div class=\"vce-text-block-wrapper vce\" id=\"el-8ba8183a\" data-vce-do-apply=\"all el-8ba8183a\"><section class=\"l-section wpb_row height_medium\"><div class=\"l-section-h g-html i-cf\"><div class=\"g-cols offset_small\"><div class=\" full-width\"><div class=\"wpb_text_column \"><div class=\"wpb_wrapper\"><h2>Plan 5 Emasesa<\/h2><p>Manrepse ofrece un servicio integral en el desarrollo de todo el proceso de instalaci\u00f3n de <strong>bater\u00edas de contadores de agua<\/strong>, como la gesti\u00f3n del expediente administrativo para alcanzar las subvenciones que <strong>Plan Cinco EMASESA<\/strong> ofrece a actualmente.<\/p><\/div><\/div><\/div><\/div><\/div><\/section><\/div><\/div><\/div><\/div><\/div><\/div><\/div><\/div><div class=\"vce-row-container\" data-vce-boxed-width=\"true\"><div class=\"vce-row vce-row--col-gap-30 vce-row-equal-height vce-row-content--top\" id=\"el-a3a801de\" data-vce-do-apply=\"all el-a3a801de\"><div class=\"vce-row-content\" data-vce-element-content=\"true\"><div class=\"vce-col vce-col--md-auto vce-col--xs-1 vce-col--xs-last vce-col--xs-first vce-col--sm-last vce-col--sm-first vce-col--md-first vce-col--lg-first vce-col--xl-first\" id=\"el-94075484\"><div class=\"vce-col-inner\" data-vce-do-apply=\"border margin background  el-94075484\"><div class=\"vce-col-content\" data-vce-element-content=\"true\" data-vce-do-apply=\"padding el-94075484\"><div class=\"vce-text-block\"><div class=\"vce-text-block-wrapper vce\" id=\"el-878a2aa1\" data-vce-do-apply=\"all el-878a2aa1\"><div class=\" one-half\"><div class=\"wpb_text_column \"><div class=\"wpb_wrapper\"><h4>Beneficios para nuestros clientes:<\/h4><ol><li>Contrato individual con EMASESA.<\/li><li>Acceder a las bonificaciones en factura por domiciliaci\u00f3n, abono de los importes facturados dentro de plazo\u2026<\/li><li>Mayor control sobre el consumo al ser individualizado.<\/li><li>Renovaci\u00f3n de la instalaci\u00f3n de agua de su edificio, benefici\u00e1ndose de las ayudas que concede EMASESA.<\/li><li>Tramitar toda la documentaci\u00f3n necesaria a trav\u00e9s de <strong>Manrepse<\/strong>.<\/li><li>Facilidad para la certificaci\u00f3n de habitantes en la vivienda.<\/li><li>Puede elegir la e-factura con posibilidad de avisos previos con el importe a facturar, v\u00eda sms a su m\u00f3vil.<\/li><li>Contribuye a la mejora del medio ambiente a trav\u00e9s de uso responsable de los recursos naturales.<\/li><\/ol><\/div><\/div><\/div><\/div><\/div><\/div><\/div><\/div><div class=\"vce-col vce-col--md-auto vce-col--xs-1 vce-col--xs-last vce-col--xs-first vce-col--sm-last vce-col--sm-first vce-col--md-last vce-col--lg-last vce-col--xl-last\" id=\"el-3cb87290\"><div class=\"vce-col-inner\" data-vce-do-apply=\"border margin background  el-3cb87290\"><div class=\"vce-col-content\" data-vce-element-content=\"true\" data-vce-do-apply=\"padding el-3cb87290\"><div class=\"vce-text-block\"><div class=\"vce-text-block-wrapper vce\" id=\"el-225978f4\" data-vce-do-apply=\"all el-225978f4\"><div class=\" one-half\"><div class=\"wpb_text_column \"><div class=\"wpb_wrapper\"><h4>Gestionamos su expediente para optar a la subvenci\u00f3n, que puede llegar a constar de:<\/h4><ul><li><strong>Bonificaci\u00f3n de acometidas.<\/strong><\/li><li><strong>Bonificaci\u00f3n de cuotas de contrataci\u00f3n y fianzas<\/strong>.<\/li><li><strong>Subvenci\u00f3n Base<\/strong>: Se establece una subvenci\u00f3n base para las comunidades que realicen el cambio de contador general a contadores individuales en bater\u00eda, que ser\u00e1 de una cuant\u00eda de 93.76 \u20ac por vivienda o local para las que se individualicen durante el a\u00f1o 2012.<\/li><li><strong>Subvenci\u00f3n por grupo de presi\u00f3n<\/strong>: En aquellos casos en los que por la altura del edificio, para garantizar el suministro a todas las viviendas fuese imprescindible la instalaci\u00f3n de un nuevo grupo de sobrepresi\u00f3n, se incrementar\u00e1 la subvenci\u00f3n base en 36.06 \u20ac por vivienda o local que se abastezca del citado grupo.<\/li><li><strong>Subvenci\u00f3n por m\u00e1s de un punto de entrada de agua<\/strong>: Si con motivo de disponer la vivienda o local de m\u00e1s de un punto de entrada de agua, fuese imprescindible realizar obras de enlace de la red interior, la subvenci\u00f3n base se incrementar\u00e1 en 57.70 \u20ac por cada vivienda o local donde sea necesario realizar esta adaptaci\u00f3n en el a\u00f1o 2015.<\/li><\/ul><\/div><\/div><\/div><\/div><\/div><\/div><\/div><\/div><\/div><\/div><\/div>\n","protected":false},"excerpt":{"rendered":"<p>Mantenimiento de grupos de presi\u00f3n para comunidades de vecinos y edificiosA continuaci\u00f3n exponemos los trabajos que realizamos en cualquier visita antes de presentar el presupuesto, y una vez aceptado, todos los trabajos que se realizan de mantenimiento en los grupos mensualmente.Mantenimiento de grupos de presi\u00f3n:General: comprobaci\u00f3n visual de la instalaci\u00f3n por si se detectaran fugasCuadro [&hellip;]<\/p>\n","protected":false},"author":1,"featured_media":0,"parent":0,"menu_order":0,"comment_status":"closed","ping_status":"closed","template":"","meta":{"footnotes":""},"class_list":["post-49","page","type-page","status-publish","hentry"],"yoast_head":"<!-- This site is optimized with the Yoast SEO plugin v26.1.1 - https:\/\/yoast.com\/wordpress\/plugins\/seo\/ -->\n<title>Fontaner\u00eda - Manrepse<\/title>\n<meta name=\"description\" content=\"Fontaner\u00eda. Mantenimiento de grupos de presi\u00f3n. Contadores divisionarios de agua. Plan 5 Emasesa. Beneficios para nuestros clientes.\" \/>\n<meta name=\"robots\" content=\"index, follow, max-snippet:-1, max-image-preview:large, max-video-preview:-1\" \/>\n<link rel=\"canonical\" href=\"https:\/\/manrepse.es\/index.php\/fontaneria\/\" \/>\n<meta property=\"og:locale\" content=\"es_ES\" \/>\n<meta property=\"og:type\" content=\"article\" \/>\n<meta property=\"og:title\" content=\"Fontaner\u00eda - Manrepse\" \/>\n<meta property=\"og:description\" content=\"Fontaner\u00eda. Mantenimiento de grupos de presi\u00f3n. Contadores divisionarios de agua. Plan 5 Emasesa. Beneficios para nuestros clientes.\" \/>\n<meta property=\"og:url\" content=\"https:\/\/manrepse.es\/index.php\/fontaneria\/\" \/>\n<meta property=\"og:site_name\" content=\"Manrepse\" \/>\n<meta property=\"article:modified_time\" content=\"2025-03-20T14:46:18+00:00\" \/>\n<meta name=\"twitter:card\" content=\"summary_large_image\" \/>\n<meta name=\"twitter:label1\" content=\"Tiempo de lectura\" \/>\n\t<meta name=\"twitter:data1\" content=\"4 minutos\" \/>\n<script type=\"application\/ld+json\" class=\"yoast-schema-graph\">{\"@context\":\"https:\/\/schema.org\",\"@graph\":[{\"@type\":\"WebPage\",\"@id\":\"https:\/\/manrepse.es\/index.php\/fontaneria\/\",\"url\":\"https:\/\/manrepse.es\/index.php\/fontaneria\/\",\"name\":\"Fontaner\u00eda - Manrepse\",\"isPartOf\":{\"@id\":\"http:\/\/manrepse.es\/#website\"},\"datePublished\":\"2024-09-24T12:09:59+00:00\",\"dateModified\":\"2025-03-20T14:46:18+00:00\",\"description\":\"Fontaner\u00eda. Mantenimiento de grupos de presi\u00f3n. Contadores divisionarios de agua. Plan 5 Emasesa. Beneficios para nuestros clientes.\",\"breadcrumb\":{\"@id\":\"https:\/\/manrepse.es\/index.php\/fontaneria\/#breadcrumb\"},\"inLanguage\":\"es\",\"potentialAction\":[{\"@type\":\"ReadAction\",\"target\":[\"https:\/\/manrepse.es\/index.php\/fontaneria\/\"]}]},{\"@type\":\"BreadcrumbList\",\"@id\":\"https:\/\/manrepse.es\/index.php\/fontaneria\/#breadcrumb\",\"itemListElement\":[{\"@type\":\"ListItem\",\"position\":1,\"name\":\"Portada\",\"item\":\"https:\/\/manrepse.es\/\"},{\"@type\":\"ListItem\",\"position\":2,\"name\":\"Fontaner\u00eda\"}]},{\"@type\":\"WebSite\",\"@id\":\"http:\/\/manrepse.es\/#website\",\"url\":\"http:\/\/manrepse.es\/\",\"name\":\"Manrepse\",\"description\":\"Manrepse\",\"publisher\":{\"@id\":\"http:\/\/manrepse.es\/#organization\"},\"potentialAction\":[{\"@type\":\"SearchAction\",\"target\":{\"@type\":\"EntryPoint\",\"urlTemplate\":\"http:\/\/manrepse.es\/?s={search_term_string}\"},\"query-input\":{\"@type\":\"PropertyValueSpecification\",\"valueRequired\":true,\"valueName\":\"search_term_string\"}}],\"inLanguage\":\"es\"},{\"@type\":\"Organization\",\"@id\":\"http:\/\/manrepse.es\/#organization\",\"name\":\"Manrepse\",\"url\":\"http:\/\/manrepse.es\/\",\"logo\":{\"@type\":\"ImageObject\",\"inLanguage\":\"es\",\"@id\":\"http:\/\/manrepse.es\/#\/schema\/logo\/image\/\",\"url\":\"https:\/\/manrepse.es\/wp-content\/uploads\/2024\/09\/logo-copia.jpg\",\"contentUrl\":\"https:\/\/manrepse.es\/wp-content\/uploads\/2024\/09\/logo-copia.jpg\",\"width\":303,\"height\":85,\"caption\":\"Manrepse\"},\"image\":{\"@id\":\"http:\/\/manrepse.es\/#\/schema\/logo\/image\/\"}}]}<\/script>\n<!-- \/ Yoast SEO plugin. -->","yoast_head_json":{"title":"Fontaner\u00eda - Manrepse","description":"Fontaner\u00eda. Mantenimiento de grupos de presi\u00f3n. Contadores divisionarios de agua. Plan 5 Emasesa. Beneficios para nuestros clientes.","robots":{"index":"index","follow":"follow","max-snippet":"max-snippet:-1","max-image-preview":"max-image-preview:large","max-video-preview":"max-video-preview:-1"},"canonical":"https:\/\/manrepse.es\/index.php\/fontaneria\/","og_locale":"es_ES","og_type":"article","og_title":"Fontaner\u00eda - Manrepse","og_description":"Fontaner\u00eda. Mantenimiento de grupos de presi\u00f3n. Contadores divisionarios de agua. Plan 5 Emasesa. Beneficios para nuestros clientes.","og_url":"https:\/\/manrepse.es\/index.php\/fontaneria\/","og_site_name":"Manrepse","article_modified_time":"2025-03-20T14:46:18+00:00","twitter_card":"summary_large_image","twitter_misc":{"Tiempo de lectura":"4 minutos"},"schema":{"@context":"https:\/\/schema.org","@graph":[{"@type":"WebPage","@id":"https:\/\/manrepse.es\/index.php\/fontaneria\/","url":"https:\/\/manrepse.es\/index.php\/fontaneria\/","name":"Fontaner\u00eda - Manrepse","isPartOf":{"@id":"http:\/\/manrepse.es\/#website"},"datePublished":"2024-09-24T12:09:59+00:00","dateModified":"2025-03-20T14:46:18+00:00","description":"Fontaner\u00eda. Mantenimiento de grupos de presi\u00f3n. Contadores divisionarios de agua. Plan 5 Emasesa. Beneficios para nuestros clientes.","breadcrumb":{"@id":"https:\/\/manrepse.es\/index.php\/fontaneria\/#breadcrumb"},"inLanguage":"es","potentialAction":[{"@type":"ReadAction","target":["https:\/\/manrepse.es\/index.php\/fontaneria\/"]}]},{"@type":"BreadcrumbList","@id":"https:\/\/manrepse.es\/index.php\/fontaneria\/#breadcrumb","itemListElement":[{"@type":"ListItem","position":1,"name":"Portada","item":"https:\/\/manrepse.es\/"},{"@type":"ListItem","position":2,"name":"Fontaner\u00eda"}]},{"@type":"WebSite","@id":"http:\/\/manrepse.es\/#website","url":"http:\/\/manrepse.es\/","name":"Manrepse","description":"Manrepse","publisher":{"@id":"http:\/\/manrepse.es\/#organization"},"potentialAction":[{"@type":"SearchAction","target":{"@type":"EntryPoint","urlTemplate":"http:\/\/manrepse.es\/?s={search_term_string}"},"query-input":{"@type":"PropertyValueSpecification","valueRequired":true,"valueName":"search_term_string"}}],"inLanguage":"es"},{"@type":"Organization","@id":"http:\/\/manrepse.es\/#organization","name":"Manrepse","url":"http:\/\/manrepse.es\/","logo":{"@type":"ImageObject","inLanguage":"es","@id":"http:\/\/manrepse.es\/#\/schema\/logo\/image\/","url":"https:\/\/manrepse.es\/wp-content\/uploads\/2024\/09\/logo-copia.jpg","contentUrl":"https:\/\/manrepse.es\/wp-content\/uploads\/2024\/09\/logo-copia.jpg","width":303,"height":85,"caption":"Manrepse"},"image":{"@id":"http:\/\/manrepse.es\/#\/schema\/logo\/image\/"}}]}},"_links":{"self":[{"href":"https:\/\/manrepse.es\/index.php\/wp-json\/wp\/v2\/pages\/49","targetHints":{"allow":["GET"]}}],"collection":[{"href":"https:\/\/manrepse.es\/index.php\/wp-json\/wp\/v2\/pages"}],"about":[{"href":"https:\/\/manrepse.es\/index.php\/wp-json\/wp\/v2\/types\/page"}],"author":[{"embeddable":true,"href":"https:\/\/manrepse.es\/index.php\/wp-json\/wp\/v2\/users\/1"}],"replies":[{"embeddable":true,"href":"https:\/\/manrepse.es\/index.php\/wp-json\/wp\/v2\/comments?post=49"}],"version-history":[{"count":2,"href":"https:\/\/manrepse.es\/index.php\/wp-json\/wp\/v2\/pages\/49\/revisions"}],"predecessor-version":[{"id":107,"href":"https:\/\/manrepse.es\/index.php\/wp-json\/wp\/v2\/pages\/49\/revisions\/107"}],"wp:attachment":[{"href":"https:\/\/manrepse.es\/index.php\/wp-json\/wp\/v2\/media?parent=49"}],"curies":[{"name":"wp","href":"https:\/\/api.w.org\/{rel}","templated":true}]}}