{"id":51,"date":"2024-09-24T14:10:22","date_gmt":"2024-09-24T12:10:22","guid":{"rendered":"http:\/\/manrepse.es\/?page_id=51"},"modified":"2024-09-24T15:22:01","modified_gmt":"2024-09-24T13:22:01","slug":"contadores-de-agua","status":"publish","type":"page","link":"https:\/\/manrepse.es\/index.php\/contadores-de-agua\/","title":{"rendered":"Contadores de agua"},"content":{"rendered":"<div class=\"vce-row-container\" data-vce-boxed-width=\"true\"><div class=\"vce-row vce-row--col-gap-30 vce-row-equal-height vce-row-content--top\" id=\"el-234f7ae7\" data-vce-do-apply=\"all el-234f7ae7\"><div class=\"vce-row-content\" data-vce-element-content=\"true\"><div class=\"vce-col vce-col--md-auto vce-col--xs-1 vce-col--xs-last vce-col--xs-first vce-col--sm-last vce-col--sm-first vce-col--md-last vce-col--lg-last vce-col--xl-last vce-col--md-first vce-col--lg-first vce-col--xl-first\" id=\"el-4ee150ba\"><div class=\"vce-col-inner\" data-vce-do-apply=\"border margin background  el-4ee150ba\"><div class=\"vce-col-content\" data-vce-element-content=\"true\" data-vce-do-apply=\"padding el-4ee150ba\"><div class=\"vce-text-block\"><div class=\"vce-text-block-wrapper vce\" id=\"el-6da01226\" data-vce-do-apply=\"all el-6da01226\"><div class=\"l-main\"><div class=\"l-main-h i-cf\"><div class=\"l-content g-html\"><section class=\"l-section\"><div class=\"l-section-h i-cf\"><p>Nuestra especialidad en la instalaci\u00f3n de contadores viene marcada por los contadores individuales de los edificios donde la instalaci\u00f3n es centralizada.<\/p><p>Con personal propio y muchos a\u00f1os de experiencia somos capaces de solucionar cualquier tipo de problema que se presente.<\/p><p>Con almac\u00e9n y taller propio y totalmente equipados para las reparaciones y verificaciones de los contadores sometiendolos a pruebas del correcto registro de consumo.<\/p><p>Para el suministro e instalaci\u00f3n de contadores disponemos de una amplia gama de contadores y modelos, as\u00ed como de todo tipo de piezas accesorios para su instalaci\u00f3n: racores, llaves, juntas, bridas, etc.<\/p><p>Existen dos categor\u00edas en la contrataci\u00f3n de los mismos. Opci\u00f3n Compra y Opci\u00f3n<\/p><p>Alquiler por una cuota m\u00ednima. Ambos productos tienen la misma calidad pero financiaci\u00f3n diferente.<\/p><p>La lectura y el mantenimiento de los contadores lo realiza nuestro personal t\u00e9cnico detallando el d\u00eda de la lectura a la propiedad. Para evitar ning\u00fan tipo de molestia a la &nbsp;propiedad, estas lecturas son v\u00eda radio y volcadas en el programa que realizar\u00e1 las correspondientes liquidaciones individuales<\/p><p>Nuestro asesoramiento es integral asesorando en tipos de contador que deben instalar, c\u00e1lculos de t\u00e9rminos fijos y variables, etc.<\/p><\/div><\/section><\/div><\/div><\/div><p>&nbsp;<\/p><\/div><\/div><\/div><\/div><\/div><\/div><\/div><\/div>\n","protected":false},"excerpt":{"rendered":"<p>Nuestra especialidad en la instalaci\u00f3n de contadores viene marcada por los contadores individuales de los edificios donde la instalaci\u00f3n es centralizada.Con personal propio y muchos a\u00f1os de experiencia somos capaces de solucionar cualquier tipo de problema que se presente.Con almac\u00e9n y taller propio y totalmente equipados para las reparaciones y verificaciones de los contadores sometiendolos [&hellip;]<\/p>\n","protected":false},"author":1,"featured_media":0,"parent":0,"menu_order":0,"comment_status":"closed","ping_status":"closed","template":"","meta":{"footnotes":""},"class_list":["post-51","page","type-page","status-publish","hentry"],"yoast_head":"<!-- This site is optimized with the Yoast SEO plugin v26.1.1 - https:\/\/yoast.com\/wordpress\/plugins\/seo\/ -->\n<title>Contadores de agua - Manrepse<\/title>\n<meta name=\"robots\" content=\"index, follow, max-snippet:-1, max-image-preview:large, max-video-preview:-1\" \/>\n<link rel=\"canonical\" href=\"http:\/\/manrepse.es\/index.php\/contadores-de-agua\/\" \/>\n<meta property=\"og:locale\" content=\"es_ES\" \/>\n<meta property=\"og:type\" content=\"article\" \/>\n<meta property=\"og:title\" content=\"Contadores de agua - Manrepse\" \/>\n<meta property=\"og:description\" content=\"Nuestra especialidad en la instalaci\u00f3n de contadores viene marcada por los contadores individuales de los edificios donde la instalaci\u00f3n es centralizada.Con personal propio y muchos a\u00f1os de experiencia somos capaces de solucionar cualquier tipo de problema que se presente.Con almac\u00e9n y taller propio y totalmente equipados para las reparaciones y verificaciones de los contadores sometiendolos [&hellip;]\" \/>\n<meta property=\"og:url\" content=\"http:\/\/manrepse.es\/index.php\/contadores-de-agua\/\" \/>\n<meta property=\"og:site_name\" content=\"Manrepse\" \/>\n<meta property=\"article:modified_time\" content=\"2024-09-24T13:22:01+00:00\" \/>\n<meta name=\"twitter:card\" content=\"summary_large_image\" \/>\n<meta name=\"twitter:label1\" content=\"Tiempo de lectura\" \/>\n\t<meta name=\"twitter:data1\" content=\"1 minuto\" \/>\n<script type=\"application\/ld+json\" class=\"yoast-schema-graph\">{\"@context\":\"https:\/\/schema.org\",\"@graph\":[{\"@type\":\"WebPage\",\"@id\":\"http:\/\/manrepse.es\/index.php\/contadores-de-agua\/\",\"url\":\"http:\/\/manrepse.es\/index.php\/contadores-de-agua\/\",\"name\":\"Contadores de agua - Manrepse\",\"isPartOf\":{\"@id\":\"https:\/\/manrepse.es\/#website\"},\"datePublished\":\"2024-09-24T12:10:22+00:00\",\"dateModified\":\"2024-09-24T13:22:01+00:00\",\"breadcrumb\":{\"@id\":\"http:\/\/manrepse.es\/index.php\/contadores-de-agua\/#breadcrumb\"},\"inLanguage\":\"es\",\"potentialAction\":[{\"@type\":\"ReadAction\",\"target\":[\"http:\/\/manrepse.es\/index.php\/contadores-de-agua\/\"]}]},{\"@type\":\"BreadcrumbList\",\"@id\":\"http:\/\/manrepse.es\/index.php\/contadores-de-agua\/#breadcrumb\",\"itemListElement\":[{\"@type\":\"ListItem\",\"position\":1,\"name\":\"Portada\",\"item\":\"https:\/\/manrepse.es\/\"},{\"@type\":\"ListItem\",\"position\":2,\"name\":\"Contadores de agua\"}]},{\"@type\":\"WebSite\",\"@id\":\"https:\/\/manrepse.es\/#website\",\"url\":\"https:\/\/manrepse.es\/\",\"name\":\"Manrepse\",\"description\":\"Manrepse\",\"publisher\":{\"@id\":\"https:\/\/manrepse.es\/#organization\"},\"potentialAction\":[{\"@type\":\"SearchAction\",\"target\":{\"@type\":\"EntryPoint\",\"urlTemplate\":\"https:\/\/manrepse.es\/?s={search_term_string}\"},\"query-input\":{\"@type\":\"PropertyValueSpecification\",\"valueRequired\":true,\"valueName\":\"search_term_string\"}}],\"inLanguage\":\"es\"},{\"@type\":\"Organization\",\"@id\":\"https:\/\/manrepse.es\/#organization\",\"name\":\"Manrepse\",\"url\":\"https:\/\/manrepse.es\/\",\"logo\":{\"@type\":\"ImageObject\",\"inLanguage\":\"es\",\"@id\":\"https:\/\/manrepse.es\/#\/schema\/logo\/image\/\",\"url\":\"https:\/\/manrepse.es\/wp-content\/uploads\/2024\/09\/logo-copia.jpg\",\"contentUrl\":\"https:\/\/manrepse.es\/wp-content\/uploads\/2024\/09\/logo-copia.jpg\",\"width\":303,\"height\":85,\"caption\":\"Manrepse\"},\"image\":{\"@id\":\"https:\/\/manrepse.es\/#\/schema\/logo\/image\/\"}}]}<\/script>\n<!-- \/ Yoast SEO plugin. -->","yoast_head_json":{"title":"Contadores de agua - Manrepse","robots":{"index":"index","follow":"follow","max-snippet":"max-snippet:-1","max-image-preview":"max-image-preview:large","max-video-preview":"max-video-preview:-1"},"canonical":"http:\/\/manrepse.es\/index.php\/contadores-de-agua\/","og_locale":"es_ES","og_type":"article","og_title":"Contadores de agua - Manrepse","og_description":"Nuestra especialidad en la instalaci\u00f3n de contadores viene marcada por los contadores individuales de los edificios donde la instalaci\u00f3n es centralizada.Con personal propio y muchos a\u00f1os de experiencia somos capaces de solucionar cualquier tipo de problema que se presente.Con almac\u00e9n y taller propio y totalmente equipados para las reparaciones y verificaciones de los contadores sometiendolos [&hellip;]","og_url":"http:\/\/manrepse.es\/index.php\/contadores-de-agua\/","og_site_name":"Manrepse","article_modified_time":"2024-09-24T13:22:01+00:00","twitter_card":"summary_large_image","twitter_misc":{"Tiempo de lectura":"1 minuto"},"schema":{"@context":"https:\/\/schema.org","@graph":[{"@type":"WebPage","@id":"http:\/\/manrepse.es\/index.php\/contadores-de-agua\/","url":"http:\/\/manrepse.es\/index.php\/contadores-de-agua\/","name":"Contadores de agua - Manrepse","isPartOf":{"@id":"https:\/\/manrepse.es\/#website"},"datePublished":"2024-09-24T12:10:22+00:00","dateModified":"2024-09-24T13:22:01+00:00","breadcrumb":{"@id":"http:\/\/manrepse.es\/index.php\/contadores-de-agua\/#breadcrumb"},"inLanguage":"es","potentialAction":[{"@type":"ReadAction","target":["http:\/\/manrepse.es\/index.php\/contadores-de-agua\/"]}]},{"@type":"BreadcrumbList","@id":"http:\/\/manrepse.es\/index.php\/contadores-de-agua\/#breadcrumb","itemListElement":[{"@type":"ListItem","position":1,"name":"Portada","item":"https:\/\/manrepse.es\/"},{"@type":"ListItem","position":2,"name":"Contadores de agua"}]},{"@type":"WebSite","@id":"https:\/\/manrepse.es\/#website","url":"https:\/\/manrepse.es\/","name":"Manrepse","description":"Manrepse","publisher":{"@id":"https:\/\/manrepse.es\/#organization"},"potentialAction":[{"@type":"SearchAction","target":{"@type":"EntryPoint","urlTemplate":"https:\/\/manrepse.es\/?s={search_term_string}"},"query-input":{"@type":"PropertyValueSpecification","valueRequired":true,"valueName":"search_term_string"}}],"inLanguage":"es"},{"@type":"Organization","@id":"https:\/\/manrepse.es\/#organization","name":"Manrepse","url":"https:\/\/manrepse.es\/","logo":{"@type":"ImageObject","inLanguage":"es","@id":"https:\/\/manrepse.es\/#\/schema\/logo\/image\/","url":"https:\/\/manrepse.es\/wp-content\/uploads\/2024\/09\/logo-copia.jpg","contentUrl":"https:\/\/manrepse.es\/wp-content\/uploads\/2024\/09\/logo-copia.jpg","width":303,"height":85,"caption":"Manrepse"},"image":{"@id":"https:\/\/manrepse.es\/#\/schema\/logo\/image\/"}}]}},"_links":{"self":[{"href":"https:\/\/manrepse.es\/index.php\/wp-json\/wp\/v2\/pages\/51","targetHints":{"allow":["GET"]}}],"collection":[{"href":"https:\/\/manrepse.es\/index.php\/wp-json\/wp\/v2\/pages"}],"about":[{"href":"https:\/\/manrepse.es\/index.php\/wp-json\/wp\/v2\/types\/page"}],"author":[{"embeddable":true,"href":"https:\/\/manrepse.es\/index.php\/wp-json\/wp\/v2\/users\/1"}],"replies":[{"embeddable":true,"href":"https:\/\/manrepse.es\/index.php\/wp-json\/wp\/v2\/comments?post=51"}],"version-history":[{"count":3,"href":"https:\/\/manrepse.es\/index.php\/wp-json\/wp\/v2\/pages\/51\/revisions"}],"predecessor-version":[{"id":127,"href":"https:\/\/manrepse.es\/index.php\/wp-json\/wp\/v2\/pages\/51\/revisions\/127"}],"wp:attachment":[{"href":"https:\/\/manrepse.es\/index.php\/wp-json\/wp\/v2\/media?parent=51"}],"curies":[{"name":"wp","href":"https:\/\/api.w.org\/{rel}","templated":true}]}}