{"id":53,"date":"2024-09-24T14:10:39","date_gmt":"2024-09-24T12:10:39","guid":{"rendered":"http:\/\/manrepse.es\/?page_id=53"},"modified":"2025-03-20T15:52:25","modified_gmt":"2025-03-20T14:52:25","slug":"repartidores-de-costes","status":"publish","type":"page","link":"https:\/\/manrepse.es\/index.php\/repartidores-de-costes\/","title":{"rendered":"Repartidores de costes"},"content":{"rendered":"<div class=\"vce-row-container\" data-vce-boxed-width=\"true\"><div class=\"vce-row vce-row--col-gap-30 vce-row-equal-height vce-row-content--top\" id=\"el-ad92c6e4\" data-vce-do-apply=\"all el-ad92c6e4\"><div class=\"vce-row-content\" data-vce-element-content=\"true\"><div class=\"vce-col vce-col--md-40p vce-col--xs-1 vce-col--xs-last vce-col--xs-first vce-col--sm-last vce-col--sm-first vce-col--md-first vce-col--lg-first vce-col--xl-first\" id=\"el-588eedfa\"><div class=\"vce-col-inner\" data-vce-do-apply=\"border margin background  el-588eedfa\"><div class=\"vce-col-content\" data-vce-element-content=\"true\" data-vce-do-apply=\"padding el-588eedfa\"><div class=\"vcv-row-control-wrapper\"><\/div><\/div><\/div><\/div><div class=\"vce-col vce-col--md-60p vce-col--xs-1 vce-col--xs-last vce-col--xs-first vce-col--sm-last vce-col--sm-first vce-col--md-last vce-col--lg-last vce-col--xl-last\" id=\"el-ad454209\"><div class=\"vce-col-inner\" data-vce-do-apply=\"border margin background  el-ad454209\"><div class=\"vce-col-content\" data-vce-element-content=\"true\" data-vce-do-apply=\"padding el-ad454209\"><div class=\"vcv-row-control-wrapper\"><\/div><\/div><\/div><\/div><\/div><\/div><\/div><div class=\"vce-row-container\" data-vce-boxed-width=\"true\"><div class=\"vce-row vce-row--col-gap-30 vce-row-equal-height vce-row-content--top\" id=\"el-0cd85925\" data-vce-do-apply=\"all el-0cd85925\"><div class=\"vce-content-background-container\"><\/div><div class=\"vce-row-content\" data-vce-element-content=\"true\"><div class=\"vce-col vce-col--md-auto vce-col--xs-1 vce-col--xs-last vce-col--xs-first vce-col--sm-last vce-col--sm-first vce-col--md-first vce-col--lg-first vce-col--xl-first\" id=\"el-3a9b08a7\"><div class=\"vce-col-inner\" data-vce-do-apply=\"border margin background  el-3a9b08a7\"><div class=\"vce-col-content\" data-vce-element-content=\"true\" data-vce-do-apply=\"padding el-3a9b08a7\"><div class=\"vce-text-block\"><div class=\"vce-text-block-wrapper vce\" id=\"el-20fe5cf8\" data-vce-do-apply=\"all el-20fe5cf8\"><div class=\" one-third\"><div class=\"wpb_text_column \"><div class=\"wpb_wrapper\"><strong>&gt;&gt; <a href=\"http:\/\/manrepse.es\/repartidores-de-costes\/\">\u00bfQU\u00c9 SON LOS REPARTIDORES DE COSTES DE CALEFACCI\u00d3N?<\/a><\/strong><p><strong>&gt;&gt; <a href=\"http:\/\/manrepse.es\/como-funcionan-los-repartidores-de-costes-de-calefaccion\/\">\u00bfC\u00d3MO FUNCIONAN LOS REPARTIDORES DE COSTES DE CALEFACCI\u00d3N?<\/a><\/strong><\/p><p><strong>&gt;&gt; <a href=\"http:\/\/manrepse.es\/son-iguales-todos-los-repartidores-de-costes-de-calefaccion\/\">\u00bfSON IGUALES TODOS LOS REPARTIDORES DE COSTES DE CALEFACCI\u00d3N?<\/a><\/strong><\/p><p><strong>&gt;&gt; <a href=\"http:\/\/manrepse.es\/que-preguntas-tiene-que-hacer-la-comunidad-de-vecinos-antes-de-decidir\/\">\u00bfQU\u00c9 PREGUNTAS TIENE QUE HACER LA COMUNIDAD DE VECINOS ANTES DE DECIDIR?<\/a><\/strong><\/p><p><strong>&gt;&gt; <a href=\"http:\/\/manrepse.es\/que-dice-la-legislacion\/\">\u00bfQU\u00c9 DICE LA LEGISLACI\u00d3N?<\/a><\/strong><\/p><p><strong>&gt;&gt; <a href=\"http:\/\/manrepse.es\/realmente-se-ahorra-energia\/\">\u00bfREALMENTE SE AHORRA ENERG\u00cdA?<\/a><\/strong><\/p><p><strong>&gt;&gt; <a href=\"http:\/\/manrepse.es\/como-es-el-recibo-de-calefaccion-con-este-sistema-de-reparto\/\">\u00bfC\u00d3MO ES EL RECIBO DE CALEFACCI\u00d3N CON ESTE SISTEMA DE REPARTO?<\/a><\/strong><\/p><p><strong>&gt;&gt; <a href=\"http:\/\/manrepse.es\/precios-de-repartidores-de-costes\/\">PRECIOS DE REPARTIDORES DE COSTES<\/a><\/strong><\/p><p><strong>&gt;&gt;<a href=\"http:\/\/manrepse.es\/como-se-realizan-las-estimaciones\/\"> \u00bfC\u00d3MO SE REALIZAN LAS ESTIMACIONES?<\/a><\/strong><\/p><p><strong>&gt;&gt; <a href=\"http:\/\/manrepse.es\/preguntas-frecuentes-repartidores\/\">RESPUESTAS A TODAS TUS DUDAS SOBRE REPARTIDORES DE COSTES<\/a><\/strong><\/p><\/div><\/div><\/div><\/div><\/div><\/div><\/div><\/div><div class=\"vce-col vce-col--md-auto vce-col--xs-1 vce-col--xs-last vce-col--xs-first vce-col--sm-last vce-col--sm-first vce-col--md-last vce-col--lg-last vce-col--xl-last\" id=\"el-21a9463f\"><div class=\"vce-col-inner\" data-vce-do-apply=\"border margin background  el-21a9463f\"><div class=\"vce-col-content\" data-vce-element-content=\"true\" data-vce-do-apply=\"padding el-21a9463f\"><div class=\"vce-text-block\"><div class=\"vce-text-block-wrapper vce\" id=\"el-5d389ce2\" data-vce-do-apply=\"all el-5d389ce2\"><div class=\" two-thirds\"><div class=\"wpb_text_column \"><div class=\"wpb_wrapper\"><h2>\u00bfQu\u00e9 son los repartidores de costes de calefacci\u00f3n?<\/h2><p>Los <strong>repartidores de costes de calefacci\u00f3n<\/strong> son dispositivos de medici\u00f3n que se utilizan desde hace m\u00e1s de 80 a\u00f1os, fundamentalmente en pa\u00edses europeos.<\/p><p>Estos medidores, que se instalan en cada uno de los radiadores de la vivienda, son:<\/p><ul><li><strong>Peque\u00f1os y est\u00e9ticamente agradables<\/strong>. sin cables ni elementos que puedan afectar a la decoraci\u00f3n de la vivienda.<\/li><li><strong>Baratos<\/strong>. La inversi\u00f3n en repartidores de costes en una vivienda media es hasta cuatro veces m\u00e1s econ\u00f3mica que instalar un contador de energ\u00eda. Adem\u00e1s, las principales empresas de servicios ofrecen la instalaci\u00f3n y el correspondiente servicio de estos dispositivos sin inversi\u00f3n alguna, por medio de contratos de alquiler.<\/li><li><strong>Electr\u00f3nicos<\/strong>. Sus lecturas de consumos se recogen por radio, por lo que no es necesario volver a entrar en la vivienda hasta que se agote la bater\u00eda, que tiene una duraci\u00f3n aproximada de 10 a\u00f1os.<\/li><\/ul><p>En Europa aproximadamente 30 millones de viviendas est\u00e1n dotadas de este tipo de sistema de reparto de costes de calefacci\u00f3n central, lo que supone un total de 150 millones de dispositivos instalados.<\/p><\/div><\/div><\/div><\/div><\/div><\/div><\/div><\/div><\/div><\/div><\/div>","protected":false},"excerpt":{"rendered":"<p>&gt;&gt; \u00bfQU\u00c9 SON LOS REPARTIDORES DE COSTES DE CALEFACCI\u00d3N?&gt;&gt; \u00bfC\u00d3MO FUNCIONAN LOS REPARTIDORES DE COSTES DE CALEFACCI\u00d3N?&gt;&gt; \u00bfSON IGUALES TODOS LOS REPARTIDORES DE COSTES DE CALEFACCI\u00d3N?&gt;&gt; \u00bfQU\u00c9 PREGUNTAS TIENE QUE HACER LA COMUNIDAD DE VECINOS ANTES DE DECIDIR?&gt;&gt; \u00bfQU\u00c9 DICE LA LEGISLACI\u00d3N?&gt;&gt; \u00bfREALMENTE SE AHORRA ENERG\u00cdA?&gt;&gt; \u00bfC\u00d3MO ES EL RECIBO DE CALEFACCI\u00d3N CON ESTE SISTEMA [&hellip;]<\/p>\n","protected":false},"author":1,"featured_media":0,"parent":0,"menu_order":0,"comment_status":"closed","ping_status":"closed","template":"","meta":{"footnotes":""},"class_list":["post-53","page","type-page","status-publish","hentry"],"yoast_head":"<!-- This site is optimized with the Yoast SEO plugin v26.1.1 - https:\/\/yoast.com\/wordpress\/plugins\/seo\/ -->\n<title>Repartidores de costes - Manrepse<\/title>\n<meta name=\"description\" content=\"Repartidores de costes. Repartidores de costes de calefacci\u00f3n. Dispositivos de medici\u00f3n que se utilizan fundamentalmente en pa\u00edses europeos.\" \/>\n<meta name=\"robots\" content=\"index, follow, max-snippet:-1, max-image-preview:large, max-video-preview:-1\" \/>\n<link rel=\"canonical\" href=\"https:\/\/manrepse.es\/index.php\/repartidores-de-costes\/\" \/>\n<meta property=\"og:locale\" content=\"es_ES\" \/>\n<meta property=\"og:type\" content=\"article\" \/>\n<meta property=\"og:title\" content=\"Repartidores de costes - Manrepse\" \/>\n<meta property=\"og:description\" content=\"Repartidores de costes. Repartidores de costes de calefacci\u00f3n. Dispositivos de medici\u00f3n que se utilizan fundamentalmente en pa\u00edses europeos.\" \/>\n<meta property=\"og:url\" content=\"https:\/\/manrepse.es\/index.php\/repartidores-de-costes\/\" \/>\n<meta property=\"og:site_name\" content=\"Manrepse\" \/>\n<meta property=\"article:modified_time\" content=\"2025-03-20T14:52:25+00:00\" \/>\n<meta name=\"twitter:card\" content=\"summary_large_image\" \/>\n<meta name=\"twitter:label1\" content=\"Tiempo de lectura\" \/>\n\t<meta name=\"twitter:data1\" content=\"2 minutos\" \/>\n<script type=\"application\/ld+json\" class=\"yoast-schema-graph\">{\"@context\":\"https:\/\/schema.org\",\"@graph\":[{\"@type\":\"WebPage\",\"@id\":\"https:\/\/manrepse.es\/index.php\/repartidores-de-costes\/\",\"url\":\"https:\/\/manrepse.es\/index.php\/repartidores-de-costes\/\",\"name\":\"Repartidores de costes - Manrepse\",\"isPartOf\":{\"@id\":\"http:\/\/manrepse.es\/#website\"},\"datePublished\":\"2024-09-24T12:10:39+00:00\",\"dateModified\":\"2025-03-20T14:52:25+00:00\",\"description\":\"Repartidores de costes. Repartidores de costes de calefacci\u00f3n. Dispositivos de medici\u00f3n que se utilizan fundamentalmente en pa\u00edses europeos.\",\"breadcrumb\":{\"@id\":\"https:\/\/manrepse.es\/index.php\/repartidores-de-costes\/#breadcrumb\"},\"inLanguage\":\"es\",\"potentialAction\":[{\"@type\":\"ReadAction\",\"target\":[\"https:\/\/manrepse.es\/index.php\/repartidores-de-costes\/\"]}]},{\"@type\":\"BreadcrumbList\",\"@id\":\"https:\/\/manrepse.es\/index.php\/repartidores-de-costes\/#breadcrumb\",\"itemListElement\":[{\"@type\":\"ListItem\",\"position\":1,\"name\":\"Portada\",\"item\":\"https:\/\/manrepse.es\/\"},{\"@type\":\"ListItem\",\"position\":2,\"name\":\"Repartidores de costes\"}]},{\"@type\":\"WebSite\",\"@id\":\"http:\/\/manrepse.es\/#website\",\"url\":\"http:\/\/manrepse.es\/\",\"name\":\"Manrepse\",\"description\":\"Manrepse\",\"publisher\":{\"@id\":\"http:\/\/manrepse.es\/#organization\"},\"potentialAction\":[{\"@type\":\"SearchAction\",\"target\":{\"@type\":\"EntryPoint\",\"urlTemplate\":\"http:\/\/manrepse.es\/?s={search_term_string}\"},\"query-input\":{\"@type\":\"PropertyValueSpecification\",\"valueRequired\":true,\"valueName\":\"search_term_string\"}}],\"inLanguage\":\"es\"},{\"@type\":\"Organization\",\"@id\":\"http:\/\/manrepse.es\/#organization\",\"name\":\"Manrepse\",\"url\":\"http:\/\/manrepse.es\/\",\"logo\":{\"@type\":\"ImageObject\",\"inLanguage\":\"es\",\"@id\":\"http:\/\/manrepse.es\/#\/schema\/logo\/image\/\",\"url\":\"https:\/\/manrepse.es\/wp-content\/uploads\/2024\/09\/logo-copia.jpg\",\"contentUrl\":\"https:\/\/manrepse.es\/wp-content\/uploads\/2024\/09\/logo-copia.jpg\",\"width\":303,\"height\":85,\"caption\":\"Manrepse\"},\"image\":{\"@id\":\"http:\/\/manrepse.es\/#\/schema\/logo\/image\/\"}}]}<\/script>\n<!-- \/ Yoast SEO plugin. -->","yoast_head_json":{"title":"Repartidores de costes - Manrepse","description":"Repartidores de costes. Repartidores de costes de calefacci\u00f3n. Dispositivos de medici\u00f3n que se utilizan fundamentalmente en pa\u00edses europeos.","robots":{"index":"index","follow":"follow","max-snippet":"max-snippet:-1","max-image-preview":"max-image-preview:large","max-video-preview":"max-video-preview:-1"},"canonical":"https:\/\/manrepse.es\/index.php\/repartidores-de-costes\/","og_locale":"es_ES","og_type":"article","og_title":"Repartidores de costes - Manrepse","og_description":"Repartidores de costes. Repartidores de costes de calefacci\u00f3n. Dispositivos de medici\u00f3n que se utilizan fundamentalmente en pa\u00edses europeos.","og_url":"https:\/\/manrepse.es\/index.php\/repartidores-de-costes\/","og_site_name":"Manrepse","article_modified_time":"2025-03-20T14:52:25+00:00","twitter_card":"summary_large_image","twitter_misc":{"Tiempo de lectura":"2 minutos"},"schema":{"@context":"https:\/\/schema.org","@graph":[{"@type":"WebPage","@id":"https:\/\/manrepse.es\/index.php\/repartidores-de-costes\/","url":"https:\/\/manrepse.es\/index.php\/repartidores-de-costes\/","name":"Repartidores de costes - Manrepse","isPartOf":{"@id":"http:\/\/manrepse.es\/#website"},"datePublished":"2024-09-24T12:10:39+00:00","dateModified":"2025-03-20T14:52:25+00:00","description":"Repartidores de costes. Repartidores de costes de calefacci\u00f3n. Dispositivos de medici\u00f3n que se utilizan fundamentalmente en pa\u00edses europeos.","breadcrumb":{"@id":"https:\/\/manrepse.es\/index.php\/repartidores-de-costes\/#breadcrumb"},"inLanguage":"es","potentialAction":[{"@type":"ReadAction","target":["https:\/\/manrepse.es\/index.php\/repartidores-de-costes\/"]}]},{"@type":"BreadcrumbList","@id":"https:\/\/manrepse.es\/index.php\/repartidores-de-costes\/#breadcrumb","itemListElement":[{"@type":"ListItem","position":1,"name":"Portada","item":"https:\/\/manrepse.es\/"},{"@type":"ListItem","position":2,"name":"Repartidores de costes"}]},{"@type":"WebSite","@id":"http:\/\/manrepse.es\/#website","url":"http:\/\/manrepse.es\/","name":"Manrepse","description":"Manrepse","publisher":{"@id":"http:\/\/manrepse.es\/#organization"},"potentialAction":[{"@type":"SearchAction","target":{"@type":"EntryPoint","urlTemplate":"http:\/\/manrepse.es\/?s={search_term_string}"},"query-input":{"@type":"PropertyValueSpecification","valueRequired":true,"valueName":"search_term_string"}}],"inLanguage":"es"},{"@type":"Organization","@id":"http:\/\/manrepse.es\/#organization","name":"Manrepse","url":"http:\/\/manrepse.es\/","logo":{"@type":"ImageObject","inLanguage":"es","@id":"http:\/\/manrepse.es\/#\/schema\/logo\/image\/","url":"https:\/\/manrepse.es\/wp-content\/uploads\/2024\/09\/logo-copia.jpg","contentUrl":"https:\/\/manrepse.es\/wp-content\/uploads\/2024\/09\/logo-copia.jpg","width":303,"height":85,"caption":"Manrepse"},"image":{"@id":"http:\/\/manrepse.es\/#\/schema\/logo\/image\/"}}]}},"_links":{"self":[{"href":"https:\/\/manrepse.es\/index.php\/wp-json\/wp\/v2\/pages\/53","targetHints":{"allow":["GET"]}}],"collection":[{"href":"https:\/\/manrepse.es\/index.php\/wp-json\/wp\/v2\/pages"}],"about":[{"href":"https:\/\/manrepse.es\/index.php\/wp-json\/wp\/v2\/types\/page"}],"author":[{"embeddable":true,"href":"https:\/\/manrepse.es\/index.php\/wp-json\/wp\/v2\/users\/1"}],"replies":[{"embeddable":true,"href":"https:\/\/manrepse.es\/index.php\/wp-json\/wp\/v2\/comments?post=53"}],"version-history":[{"count":3,"href":"https:\/\/manrepse.es\/index.php\/wp-json\/wp\/v2\/pages\/53\/revisions"}],"predecessor-version":[{"id":158,"href":"https:\/\/manrepse.es\/index.php\/wp-json\/wp\/v2\/pages\/53\/revisions\/158"}],"wp:attachment":[{"href":"https:\/\/manrepse.es\/index.php\/wp-json\/wp\/v2\/media?parent=53"}],"curies":[{"name":"wp","href":"https:\/\/api.w.org\/{rel}","templated":true}]}}